{"id":1561,"date":"2023-02-17T16:02:38","date_gmt":"2023-02-17T16:02:38","guid":{"rendered":"https:\/\/www.upgreat.pl\/?page_id=1561"},"modified":"2023-06-05T08:21:34","modified_gmt":"2023-06-05T08:21:34","slug":"formularz-uslugi-it-z-parametrem","status":"publish","type":"page","link":"https:\/\/www.upgreat.pl\/en\/formularz-uslugi-it-z-parametrem\/","title":{"rendered":"Contact for IT services"},"content":{"rendered":"<div data-elementor-type=\"wp-page\" data-elementor-id=\"1561\" class=\"elementor elementor-1561\" data-elementor-post-type=\"page\">\n\t\t\t\t\t\t<section class=\"elementor-section elementor-top-section elementor-element elementor-element-364513c8 elementor-section-boxed elementor-section-height-default elementor-section-height-default\" data-id=\"364513c8\" data-element_type=\"section\">\n\t\t\t\t\t\t<div class=\"elementor-container elementor-column-gap-default\">\n\t\t\t\t\t<div class=\"elementor-column elementor-col-100 elementor-top-column elementor-element elementor-element-42689bde\" data-id=\"42689bde\" data-element_type=\"column\">\n\t\t\t<div class=\"elementor-widget-wrap elementor-element-populated\">\n\t\t\t\t\t\t<div class=\"elementor-element elementor-element-14475396 elementor-widget elementor-widget-heading\" data-id=\"14475396\" data-element_type=\"widget\" data-widget_type=\"heading.default\">\n\t\t\t\t<div class=\"elementor-widget-container\">\n\t\t\t\t\t<h2 class=\"elementor-heading-title elementor-size-default\">Contact for IT services<\/h2>\t\t\t\t<\/div>\n\t\t\t\t<\/div>\n\t\t\t\t<div class=\"elementor-element elementor-element-39cf7a88 elementor-widget elementor-widget-breadcrumbs\" data-id=\"39cf7a88\" data-element_type=\"widget\" data-widget_type=\"breadcrumbs.default\">\n\t\t\t\t<div class=\"elementor-widget-container\">\n\t\t\t\t\t<p id=\"breadcrumbs\"><span><span><a href=\"https:\/\/www.upgreat.pl\/en\/\">Home<\/a><\/span><\/span><\/p>\t\t\t\t<\/div>\n\t\t\t\t<\/div>\n\t\t\t\t\t<\/div>\n\t\t<\/div>\n\t\t\t\t\t<\/div>\n\t\t<\/section>\n\t\t\t\t<section class=\"elementor-section elementor-top-section elementor-element elementor-element-1517f18 elementor-section-boxed elementor-section-height-default elementor-section-height-default\" data-id=\"1517f18\" data-element_type=\"section\">\n\t\t\t\t\t\t<div class=\"elementor-container elementor-column-gap-default\">\n\t\t\t\t\t<div class=\"elementor-column elementor-col-100 elementor-top-column elementor-element elementor-element-833fdc9\" data-id=\"833fdc9\" data-element_type=\"column\">\n\t\t\t<div class=\"elementor-widget-wrap elementor-element-populated\">\n\t\t\t\t\t\t<div class=\"elementor-element elementor-element-99f2381 elementor-widget elementor-widget-text-editor\" data-id=\"99f2381\" data-element_type=\"widget\" data-widget_type=\"text-editor.default\">\n\t\t\t\t<div class=\"elementor-widget-container\">\n\t\t\t\t\t\t\t\t\t<p>Thank you for being here. We understand that you are looking for professional IT services. You will be satisfied because we are competent. To start a conversation with us, fill in the form below - we will contact you as soon as possible.<\/p>\t\t\t\t\t\t\t\t<\/div>\n\t\t\t\t<\/div>\n\t\t\t\t<div class=\"elementor-element elementor-element-a4b79bd elementor-widget elementor-widget-heading\" data-id=\"a4b79bd\" data-element_type=\"widget\" data-widget_type=\"heading.default\">\n\t\t\t\t<div class=\"elementor-widget-container\">\n\t\t\t\t\t<h2 class=\"elementor-heading-title elementor-size-default\">Contact form<\/h2>\t\t\t\t<\/div>\n\t\t\t\t<\/div>\n\t\t\t\t<div class=\"elementor-element elementor-element-db6991c elementor-button-align-stretch elementor-widget elementor-widget-form\" data-id=\"db6991c\" data-element_type=\"widget\" data-settings=\"{&quot;step_next_label&quot;:&quot;Next&quot;,&quot;step_previous_label&quot;:&quot;Previous&quot;,&quot;button_width&quot;:&quot;25&quot;,&quot;step_type&quot;:&quot;number_text&quot;,&quot;step_icon_shape&quot;:&quot;circle&quot;}\" data-widget_type=\"form.default\">\n\t\t\t\t<div class=\"elementor-widget-container\">\n\t\t\t\t\t\t\t<form class=\"elementor-form\" method=\"post\" name=\"New Form\" aria-label=\"New Form\" action=\"\">\n\t\t\t<input type=\"hidden\" name=\"post_id\" value=\"1561\"\/>\n\t\t\t<input type=\"hidden\" name=\"form_id\" value=\"db6991c\"\/>\n\t\t\t<input type=\"hidden\" name=\"referer_title\" value=\"Upgreat\" \/>\n\n\t\t\t\n\t\t\t<div class=\"elementor-form-fields-wrapper elementor-labels-above\">\n\t\t\t\t\t\t\t\t<div class=\"elementor-field-type-text elementor-field-group elementor-column elementor-field-group-field_1632f76 elementor-col-100 elementor-field-required\">\n\t\t\t\t\t\t\t\t\t\t\t\t<label for=\"form-field-field_1632f76\" class=\"elementor-field-label\">\n\t\t\t\t\t\t\t\tReport subject\t\t\t\t\t\t\t<\/label>\n\t\t\t\t\t\t\t\t\t\t\t\t\t\t<input size=\"1\" type=\"text\" name=\"form_fields[field_1632f76]\" id=\"form-field-field_1632f76\" class=\"elementor-field elementor-size-sm  elementor-field-textual\" placeholder=\"Topic\" value=\"Us\u0142ugi informatyczne\" required=\"required\">\n\t\t\t\t\t\t\t\t\t\t\t<\/div>\n\t\t\t\t\t\t\t\t<div class=\"elementor-field-type-text elementor-field-group elementor-column elementor-field-group-name elementor-col-50 elementor-field-required\">\n\t\t\t\t\t\t\t\t\t\t\t\t\t<input size=\"1\" type=\"text\" name=\"form_fields[name]\" id=\"form-field-name\" class=\"elementor-field elementor-size-sm  elementor-field-textual\" placeholder=\"First name and last name*\" required=\"required\">\n\t\t\t\t\t\t\t\t\t\t\t<\/div>\n\t\t\t\t\t\t\t\t<div class=\"elementor-field-type-text elementor-field-group elementor-column elementor-field-group-field_198a53e elementor-col-50 elementor-field-required\">\n\t\t\t\t\t\t\t\t\t\t\t\t\t<input size=\"1\" type=\"text\" name=\"form_fields[field_198a53e]\" id=\"form-field-field_198a53e\" class=\"elementor-field elementor-size-sm  elementor-field-textual\" placeholder=\"Company name*\" required=\"required\">\n\t\t\t\t\t\t\t\t\t\t\t<\/div>\n\t\t\t\t\t\t\t\t<div class=\"elementor-field-type-tel elementor-field-group elementor-column elementor-field-group-message elementor-col-50 elementor-field-required\">\n\t\t\t\t\t\t\t<input size=\"1\" type=\"tel\" name=\"form_fields[message]\" id=\"form-field-message\" class=\"elementor-field elementor-size-sm  elementor-field-textual\" placeholder=\"Phone number*\" required=\"required\" pattern=\"[0-9()#&amp;+*-=.]+\" title=\"Only numbers and phone characters (#, -, *, etc) are accepted.\">\n\n\t\t\t\t\t\t<\/div>\n\t\t\t\t\t\t\t\t<div class=\"elementor-field-type-email elementor-field-group elementor-column elementor-field-group-email elementor-col-50 elementor-field-required\">\n\t\t\t\t\t\t\t\t\t\t\t\t\t<input size=\"1\" type=\"email\" name=\"form_fields[email]\" id=\"form-field-email\" class=\"elementor-field elementor-size-sm  elementor-field-textual\" placeholder=\"Business email address*\" required=\"required\">\n\t\t\t\t\t\t\t\t\t\t\t<\/div>\n\t\t\t\t\t\t\t\t<div class=\"elementor-field-type-acceptance elementor-field-group elementor-column elementor-field-group-field_fafe5e5 elementor-col-100 elementor-field-required\">\n\t\t\t\t\t\t\t<div class=\"elementor-field-subgroup\">\n\t\t\t<span class=\"elementor-field-option\">\n\t\t\t\t<input type=\"checkbox\" name=\"form_fields[field_fafe5e5]\" id=\"form-field-field_fafe5e5\" class=\"elementor-field elementor-size-sm  elementor-acceptance-field\" required=\"required\">\n\t\t\t\t<label for=\"form-field-field_fafe5e5\">I consent to the processing of my personal data for the purposes of the application.<\/label>\t\t\t<\/span>\n\t\t<\/div>\n\t\t\t\t\t\t<\/div>\n\t\t\t\t\t\t\t\t<div class=\"elementor-field-type-acceptance elementor-field-group elementor-column elementor-field-group-field_5e44077 elementor-col-100\">\n\t\t\t\t\t\t\t<div class=\"elementor-field-subgroup\">\n\t\t\t<span class=\"elementor-field-option\">\n\t\t\t\t<input type=\"checkbox\" name=\"form_fields[field_5e44077]\" id=\"form-field-field_5e44077\" class=\"elementor-field elementor-size-sm  elementor-acceptance-field\">\n\t\t\t\t<label for=\"form-field-field_5e44077\">I agree to receive information and advertising messages by electronic means.<\/label>\t\t\t<\/span>\n\t\t<\/div>\n\t\t\t\t\t\t<\/div>\n\t\t\t\t\t\t\t\t<div class=\"elementor-field-type-recaptcha_v3 elementor-field-group elementor-column elementor-field-group-field_8fdcd45 elementor-col-100 recaptcha_v3-bottomleft\">\n\t\t\t\t\t<div class=\"elementor-field\" id=\"form-field-field_8fdcd45\"><div class=\"elementor-g-recaptcha\" data-sitekey=\"6Ldt_t0UAAAAAGq5cFoPGpIMypDpc46hfIcf9P2O\" data-type=\"v3\" data-action=\"Form\" data-badge=\"bottomleft\" data-size=\"invisible\"><\/div><\/div>\t\t\t\t<\/div>\n\t\t\t\t\t\t\t\t<div class=\"elementor-field-group elementor-column elementor-field-type-submit elementor-col-25 e-form__buttons\">\n\t\t\t\t\t<button class=\"elementor-button elementor-size-sm\" type=\"submit\">\n\t\t\t\t\t\t<span class=\"elementor-button-content-wrapper\">\n\t\t\t\t\t\t\t\t\t\t\t\t\t\t\t\t\t\t\t\t\t\t<span class=\"elementor-button-text\">SUBMIT APPLICATION<\/span>\n\t\t\t\t\t\t\t\t\t\t\t\t\t<\/span>\n\t\t\t\t\t<\/button>\n\t\t\t\t<\/div>\n\t\t\t<\/div>\n\t\t<input type=\"hidden\" name=\"trp-form-language\" value=\"en\"\/><\/form>\n\t\t\t\t\t\t<\/div>\n\t\t\t\t<\/div>\n\t\t\t\t\t<\/div>\n\t\t<\/div>\n\t\t\t\t\t<\/div>\n\t\t<\/section>\n\t\t\t\t<\/div>","protected":false},"excerpt":{"rendered":"<p>Contact regarding IT services Thank you for being here. We understand that you are looking for professional IT services. You will be satisfied because we are competent. To start a conversation with us, complete the form below - we will contact you as soon as possible. Contact form<\/p>","protected":false},"author":3,"featured_media":0,"parent":0,"menu_order":0,"comment_status":"closed","ping_status":"closed","template":"elementor_header_footer","meta":{"footnotes":""},"class_list":["post-1561","page","type-page","status-publish","hentry"],"yoast_head":"<!-- This site is optimized with the Yoast SEO plugin v26.3 - https:\/\/yoast.com\/wordpress\/plugins\/seo\/ -->\n<title>Kontakt w sprawie us\u0142ug IT | Upgreat<\/title>\n<meta name=\"robots\" content=\"index, follow, max-snippet:-1, max-image-preview:large, max-video-preview:-1\" \/>\n<link rel=\"canonical\" href=\"https:\/\/www.upgreat.pl\/en\/formularz-uslugi-it-z-parametrem\/\" \/>\n<meta property=\"og:locale\" content=\"en_US\" \/>\n<meta property=\"og:type\" content=\"article\" \/>\n<meta property=\"og:title\" content=\"Kontakt w sprawie us\u0142ug IT | Upgreat\" \/>\n<meta property=\"og:description\" content=\"Kontakt w sprawie us\u0142ug IT Dzi\u0119kujemy, \u017ce tu jeste\u015b. Rozumiemy, \u017ce poszukujesz profesjonalnych us\u0142ug informatycznych. B\u0119dziesz zadowolony poniewa\u017c jeste\u015bmy kompetentni. Aby rozpocz\u0105\u0107 rozmow\u0119 z nami wype\u0142nij formularz poni\u017cej &#8211; skontaktujemy si\u0119 z Tob\u0105 najszybciej jak to b\u0119dzie mo\u017cliwe. Formularz kontaktowy\" \/>\n<meta property=\"og:url\" content=\"https:\/\/www.upgreat.pl\/en\/formularz-uslugi-it-z-parametrem\/\" \/>\n<meta property=\"og:site_name\" content=\"Upgreat\" \/>\n<meta property=\"article:modified_time\" content=\"2023-06-05T08:21:34+00:00\" \/>\n<meta name=\"twitter:card\" content=\"summary_large_image\" \/>\n<meta name=\"twitter:label1\" content=\"Est. reading time\" \/>\n\t<meta name=\"twitter:data1\" content=\"1 minute\" \/>\n<script type=\"application\/ld+json\" class=\"yoast-schema-graph\">{\"@context\":\"https:\/\/schema.org\",\"@graph\":[{\"@type\":\"WebPage\",\"@id\":\"https:\/\/www.upgreat.pl\/formularz-uslugi-it-z-parametrem\/\",\"url\":\"https:\/\/www.upgreat.pl\/formularz-uslugi-it-z-parametrem\/\",\"name\":\"Kontakt w sprawie us\u0142ug IT | Upgreat\",\"isPartOf\":{\"@id\":\"https:\/\/www.upgreat.pl\/#website\"},\"datePublished\":\"2023-02-17T16:02:38+00:00\",\"dateModified\":\"2023-06-05T08:21:34+00:00\",\"breadcrumb\":{\"@id\":\"https:\/\/www.upgreat.pl\/formularz-uslugi-it-z-parametrem\/#breadcrumb\"},\"inLanguage\":\"en-US\",\"potentialAction\":[{\"@type\":\"ReadAction\",\"target\":[\"https:\/\/www.upgreat.pl\/formularz-uslugi-it-z-parametrem\/\"]}]},{\"@type\":\"BreadcrumbList\",\"@id\":\"https:\/\/www.upgreat.pl\/formularz-uslugi-it-z-parametrem\/#breadcrumb\",\"itemListElement\":[{\"@type\":\"ListItem\",\"position\":1,\"name\":\"Strona g\u0142\u00f3wna\",\"item\":\"https:\/\/www.upgreat.pl\/\"},{\"@type\":\"ListItem\",\"position\":2,\"name\":\"Kontakt w sprawie us\u0142ug IT\"}]},{\"@type\":\"WebSite\",\"@id\":\"https:\/\/www.upgreat.pl\/#website\",\"url\":\"https:\/\/www.upgreat.pl\/\",\"name\":\"Upgreat\",\"description\":\"Bezpiecze\u0144stwo system\u00f3w IT, Outsourcing IT, Architektura system\u00f3w IT\",\"publisher\":{\"@id\":\"https:\/\/www.upgreat.pl\/#organization\"},\"potentialAction\":[{\"@type\":\"SearchAction\",\"target\":{\"@type\":\"EntryPoint\",\"urlTemplate\":\"https:\/\/www.upgreat.pl\/?s={search_term_string}\"},\"query-input\":{\"@type\":\"PropertyValueSpecification\",\"valueRequired\":true,\"valueName\":\"search_term_string\"}}],\"inLanguage\":\"en-US\"},{\"@type\":\"Organization\",\"@id\":\"https:\/\/www.upgreat.pl\/#organization\",\"name\":\"UpGreat.pl \u2013 profesjonalne us\u0142ugi informatyczne\",\"url\":\"https:\/\/www.upgreat.pl\/\",\"logo\":{\"@type\":\"ImageObject\",\"inLanguage\":\"en-US\",\"@id\":\"https:\/\/www.upgreat.pl\/#\/schema\/logo\/image\/\",\"url\":\"https:\/\/www.upgreat.pl\/wp-content\/uploads\/2022\/04\/UpGreat_CI.svg\",\"contentUrl\":\"https:\/\/www.upgreat.pl\/wp-content\/uploads\/2022\/04\/UpGreat_CI.svg\",\"width\":600,\"height\":220,\"caption\":\"UpGreat.pl \u2013 profesjonalne us\u0142ugi informatyczne\"},\"image\":{\"@id\":\"https:\/\/www.upgreat.pl\/#\/schema\/logo\/image\/\"}}]}<\/script>\n<!-- \/ Yoast SEO plugin. -->","yoast_head_json":{"title":"Kontakt w sprawie us\u0142ug IT | Upgreat","robots":{"index":"index","follow":"follow","max-snippet":"max-snippet:-1","max-image-preview":"max-image-preview:large","max-video-preview":"max-video-preview:-1"},"canonical":"https:\/\/www.upgreat.pl\/en\/formularz-uslugi-it-z-parametrem\/","og_locale":"en_US","og_type":"article","og_title":"Kontakt w sprawie us\u0142ug IT | Upgreat","og_description":"Kontakt w sprawie us\u0142ug IT Dzi\u0119kujemy, \u017ce tu jeste\u015b. Rozumiemy, \u017ce poszukujesz profesjonalnych us\u0142ug informatycznych. B\u0119dziesz zadowolony poniewa\u017c jeste\u015bmy kompetentni. Aby rozpocz\u0105\u0107 rozmow\u0119 z nami wype\u0142nij formularz poni\u017cej &#8211; skontaktujemy si\u0119 z Tob\u0105 najszybciej jak to b\u0119dzie mo\u017cliwe. Formularz kontaktowy","og_url":"https:\/\/www.upgreat.pl\/en\/formularz-uslugi-it-z-parametrem\/","og_site_name":"Upgreat","article_modified_time":"2023-06-05T08:21:34+00:00","twitter_card":"summary_large_image","twitter_misc":{"Est. reading time":"1 minute"},"schema":{"@context":"https:\/\/schema.org","@graph":[{"@type":"WebPage","@id":"https:\/\/www.upgreat.pl\/formularz-uslugi-it-z-parametrem\/","url":"https:\/\/www.upgreat.pl\/formularz-uslugi-it-z-parametrem\/","name":"Kontakt w sprawie us\u0142ug IT | Upgreat","isPartOf":{"@id":"https:\/\/www.upgreat.pl\/#website"},"datePublished":"2023-02-17T16:02:38+00:00","dateModified":"2023-06-05T08:21:34+00:00","breadcrumb":{"@id":"https:\/\/www.upgreat.pl\/formularz-uslugi-it-z-parametrem\/#breadcrumb"},"inLanguage":"en-US","potentialAction":[{"@type":"ReadAction","target":["https:\/\/www.upgreat.pl\/formularz-uslugi-it-z-parametrem\/"]}]},{"@type":"BreadcrumbList","@id":"https:\/\/www.upgreat.pl\/formularz-uslugi-it-z-parametrem\/#breadcrumb","itemListElement":[{"@type":"ListItem","position":1,"name":"Strona g\u0142\u00f3wna","item":"https:\/\/www.upgreat.pl\/"},{"@type":"ListItem","position":2,"name":"Kontakt w sprawie us\u0142ug IT"}]},{"@type":"WebSite","@id":"https:\/\/www.upgreat.pl\/#website","url":"https:\/\/www.upgreat.pl\/","name":"Upgreat","description":"Security of IT systems, IT Outsourcing, Architecture of IT systems","publisher":{"@id":"https:\/\/www.upgreat.pl\/#organization"},"potentialAction":[{"@type":"SearchAction","target":{"@type":"EntryPoint","urlTemplate":"https:\/\/www.upgreat.pl\/?s={search_term_string}"},"query-input":{"@type":"PropertyValueSpecification","valueRequired":true,"valueName":"search_term_string"}}],"inLanguage":"en-US"},{"@type":"Organization","@id":"https:\/\/www.upgreat.pl\/#organization","name":"UpGreat.pl \u2013 professional IT services","url":"https:\/\/www.upgreat.pl\/","logo":{"@type":"ImageObject","inLanguage":"en-US","@id":"https:\/\/www.upgreat.pl\/#\/schema\/logo\/image\/","url":"https:\/\/www.upgreat.pl\/wp-content\/uploads\/2022\/04\/UpGreat_CI.svg","contentUrl":"https:\/\/www.upgreat.pl\/wp-content\/uploads\/2022\/04\/UpGreat_CI.svg","width":600,"height":220,"caption":"UpGreat.pl \u2013 profesjonalne us\u0142ugi informatyczne"},"image":{"@id":"https:\/\/www.upgreat.pl\/#\/schema\/logo\/image\/"}}]}},"_links":{"self":[{"href":"https:\/\/www.upgreat.pl\/en\/wp-json\/wp\/v2\/pages\/1561","targetHints":{"allow":["GET"]}}],"collection":[{"href":"https:\/\/www.upgreat.pl\/en\/wp-json\/wp\/v2\/pages"}],"about":[{"href":"https:\/\/www.upgreat.pl\/en\/wp-json\/wp\/v2\/types\/page"}],"author":[{"embeddable":true,"href":"https:\/\/www.upgreat.pl\/en\/wp-json\/wp\/v2\/users\/3"}],"replies":[{"embeddable":true,"href":"https:\/\/www.upgreat.pl\/en\/wp-json\/wp\/v2\/comments?post=1561"}],"version-history":[{"count":13,"href":"https:\/\/www.upgreat.pl\/en\/wp-json\/wp\/v2\/pages\/1561\/revisions"}],"predecessor-version":[{"id":1838,"href":"https:\/\/www.upgreat.pl\/en\/wp-json\/wp\/v2\/pages\/1561\/revisions\/1838"}],"wp:attachment":[{"href":"https:\/\/www.upgreat.pl\/en\/wp-json\/wp\/v2\/media?parent=1561"}],"curies":[{"name":"wp","href":"https:\/\/api.w.org\/{rel}","templated":true}]}}