{"id":356,"date":"2022-04-13T20:00:54","date_gmt":"2022-04-13T20:00:54","guid":{"rendered":"https:\/\/www.upgreat.pl\/?page_id=356"},"modified":"2024-12-05T10:48:21","modified_gmt":"2024-12-05T10:48:21","slug":"kontakt","status":"publish","type":"page","link":"https:\/\/www.upgreat.pl\/en\/kontakt\/","title":{"rendered":"contact"},"content":{"rendered":"<div data-elementor-type=\"wp-page\" data-elementor-id=\"356\" class=\"elementor elementor-356\" data-elementor-post-type=\"page\">\n\t\t\t\t\t\t<section class=\"elementor-section elementor-top-section elementor-element elementor-element-6d2576a elementor-section-boxed elementor-section-height-default elementor-section-height-default\" data-id=\"6d2576a\" data-element_type=\"section\">\n\t\t\t\t\t\t<div class=\"elementor-container elementor-column-gap-default\">\n\t\t\t\t\t<div class=\"elementor-column elementor-col-100 elementor-top-column elementor-element elementor-element-3cf75c6\" data-id=\"3cf75c6\" data-element_type=\"column\">\n\t\t\t<div class=\"elementor-widget-wrap elementor-element-populated\">\n\t\t\t\t\t\t<div class=\"elementor-element elementor-element-43c912b elementor-widget elementor-widget-heading\" data-id=\"43c912b\" data-element_type=\"widget\" data-widget_type=\"heading.default\">\n\t\t\t\t<div class=\"elementor-widget-container\">\n\t\t\t\t\t<h2 class=\"elementor-heading-title elementor-size-default\">contact<\/h2>\t\t\t\t<\/div>\n\t\t\t\t<\/div>\n\t\t\t\t<div class=\"elementor-element elementor-element-d035f6a elementor-widget elementor-widget-breadcrumbs\" data-id=\"d035f6a\" data-element_type=\"widget\" data-widget_type=\"breadcrumbs.default\">\n\t\t\t\t<div class=\"elementor-widget-container\">\n\t\t\t\t\t<p id=\"breadcrumbs\"><span><span><a href=\"https:\/\/www.upgreat.pl\/en\/\">Home<\/a><\/span><\/span><\/p>\t\t\t\t<\/div>\n\t\t\t\t<\/div>\n\t\t\t\t\t<\/div>\n\t\t<\/div>\n\t\t\t\t\t<\/div>\n\t\t<\/section>\n\t\t\t\t<section class=\"elementor-section elementor-top-section elementor-element elementor-element-f6bb74d elementor-section-boxed elementor-section-height-default elementor-section-height-default\" data-id=\"f6bb74d\" data-element_type=\"section\">\n\t\t\t\t\t\t<div class=\"elementor-container elementor-column-gap-default\">\n\t\t\t\t\t<div class=\"elementor-column elementor-col-50 elementor-top-column elementor-element elementor-element-b1a5cdf\" data-id=\"b1a5cdf\" data-element_type=\"column\">\n\t\t\t<div class=\"elementor-widget-wrap elementor-element-populated\">\n\t\t\t\t\t\t<div class=\"elementor-element elementor-element-66dfea0 elementor-view-default elementor-position-top elementor-mobile-position-top elementor-widget elementor-widget-icon-box\" data-id=\"66dfea0\" data-element_type=\"widget\" data-widget_type=\"icon-box.default\">\n\t\t\t\t<div class=\"elementor-widget-container\">\n\t\t\t\t\t\t\t<div class=\"elementor-icon-box-wrapper\">\n\n\t\t\t\t\t\t<div class=\"elementor-icon-box-icon\">\n\t\t\t\t<span  class=\"elementor-icon\">\n\t\t\t\t<svg xmlns=\"http:\/\/www.w3.org\/2000\/svg\" id=\"Layer_5\" height=\"512\" viewbox=\"0 0 64 64\" width=\"512\"><g><path d=\"m31 1h2v4h-2z\"><\/path><path d=\"m35 3h2v2h-2z\"><\/path><path d=\"m27 3h2v2h-2z\"><\/path><path d=\"m26 47v-4c-1.103 0-2 .897-2 2s.897 2 2 2z\"><\/path><path d=\"m36 48v-5.043c-1.466-.153-2.844-.712-4-1.622-1.156.91-2.534 1.468-4 1.622v5.043c0 1.654 1.346 3 3 3h2c1.654 0 3-1.346 3-3z\"><\/path><path d=\"m37 33.514c2.406.918 4.239 2.996 4.809 5.551 1.532-3.562 5.074-6.065 9.191-6.065 1.422 0 2.774.303 4 .841v-18.841h-18zm14-16.514h2v2h-2zm0 4h2v2h-2zm0 4h2v2h-2zm0 4h2v2h-2zm-4-12h2v2h-2zm0 4h2v2h-2zm0 4h2v2h-2zm0 4h2v2h-2zm-4-12h2v2h-2zm0 4h2v2h-2zm0 4h2v2h-2zm0 4h2v2h-2zm-4-12h2v2h-2zm0 4h2v2h-2zm0 4h2v2h-2zm0 4h2v2h-2z\"><\/path><path d=\"m26 41h1 .172c1.557 0 3.021-.606 4.121-1.707l.707-.708.707.708c1.101 1.101 2.564 1.707 4.121 1.707h.172 1c.702 0 1.352.197 1.926.516.034-.253.074-.504.074-.762 0-3.173-2.581-5.754-5.754-5.754h-4.492c-3.173 0-5.754 2.581-5.754 5.754 0 .258.04.509.074.762.574-.319 1.224-.516 1.926-.516z\"><\/path><path d=\"m34.246 33c.254 0 .506.014.754.038v-20.038h4v-2h-14v23.642c1.315-1.025 2.962-1.642 4.754-1.642zm-3.246-20h2v2h-2zm0 4h2v2h-2zm0 4h2v2h-2zm0 4h2v2h-2zm0 4h2v2h-2zm-2 2h-2v-2h2zm0-4h-2v-2h2zm0-4h-2v-2h2zm0-4h-2v-2h2zm0-4h-2v-2h2z\"><\/path><path d=\"m51 41.711c-1.029 1.194-2.446 1.977-4 2.213v4.076c0 1.654 1.346 3 3 3h2c1.654 0 3-1.346 3-3v-4.076c-1.554-.236-2.971-1.019-4-2.213z\"><\/path><path d=\"m25 7h14v2h-14z\"><\/path><path d=\"m38 43v4c1.103 0 2-.897 2-2s-.897-2-2-2z\"><\/path><path d=\"m12 53c-.24 0-.47-.038-.702-.071l-.29 1.158c.047 1.062.919 1.913 1.992 1.913s1.945-.851 1.991-1.914l-.29-1.157c-.231.033-.461.071-.701.071z\"><\/path><path d=\"m9.176 53.175.231-.921c-1.437-.88-2.407-2.45-2.407-4.254v-6.048c0-1.628 1.325-2.952 2.954-2.952.99 0 1.909.492 2.458 1.315.703 1.055 1.88 1.685 3.148 1.685h3.44v6c0 1.804-.97 3.374-2.406 4.254l.231.922 1.612.403c.914.229 1.778.611 2.563 1.114v-11.693c0-4.411-3.589-8-8-8s-8 3.589-8 8v11.681c.777-.496 1.641-.876 2.575-1.109z\"><\/path><path d=\"m43 43v8c0 1.228.766 2.325 1.887 2.776.226-.077.455-.145.688-.203l1.601-.398.231-.921c-1.437-.88-2.407-2.45-2.407-4.254v-6h1c1.543 0 2.976-.767 3.832-2.051l.168-.252v-2.697h2v2.697l.168.252c.856 1.284 2.289 2.051 3.832 2.051h1v6c0 1.804-.97 3.374-2.406 4.254l.231.922 1.612.403c.228.057.452.125.672.199 1.124-.45 1.891-1.548 1.891-2.778v-8c0-4.411-3.589-8-8-8s-8 3.589-8 8z\"><\/path><path d=\"m17 48v-4h-1.44c-1.938 0-3.737-.963-4.812-2.575-.178-.266-.475-.425-.794-.425-.526 0-.954.427-.954.952v6.048c0 1.654 1.346 3 3 3h2c1.654 0 3-1.346 3-3z\"><\/path><path d=\"m31 53c-.24 0-.47-.038-.702-.071l-.213.852 1.915 2.552 1.915-2.553-.213-.851c-.232.033-.462.071-.702.071z\"><\/path><path d=\"m16.787 55.228c-.522 1.603-2.012 2.772-3.787 2.772-1.776 0-3.266-1.17-3.788-2.774l-1.155.287c-2.654.661-4.595 2.846-4.985 5.487h16.992c.144-1.257.554-2.439 1.182-3.483-.881-.967-2.019-1.678-3.295-1.998z\"><\/path><path d=\"m36.95 55.52-1.549-.388-3.401 4.535-3.402-4.536-1.54.383c-2.653.66-4.583 2.847-4.975 5.486h19.834c-.392-2.634-2.318-4.817-4.967-5.48z\"><\/path><path d=\"m22.191 39.065c.167-.749.442-1.457.809-2.107v-21.958h-14v18.841c1.226-.538 2.578-.841 4-.841 4.117 0 7.659 2.502 9.191 6.065zm-3.191-22.065h2v2h-2zm0 4h2v2h-2zm0 4h2v2h-2zm0 4h2v2h-2zm-4-12h2v2h-2zm0 4h2v2h-2zm0 4h2v2h-2zm0 4h2v2h-2zm-4-12h2v2h-2zm0 4h2v2h-2zm0 4h2v2h-2zm0 4h2v2h-2z\"><\/path><path d=\"m51 60.492c.823-1.035 1.401-2.222 1.716-3.492h-3.432c.315 1.27.893 2.457 1.716 3.492z\"><\/path><path d=\"m55.95 55.52-.975-.244c-.094 2.066-.73 4.034-1.864 5.725h7.817c-.392-2.636-2.327-4.818-4.978-5.481z\"><\/path><path d=\"m52 53h-2c-.24 0-.47-.038-.702-.071l-.298 1.193v.635c0 .082.01.161.012.243h3.976c.002-.081.012-.161.012-.243v-.636l-.298-1.192c-.232.033-.462.071-.702.071z\"><\/path><path d=\"m46.058 55.514c-1.281.318-2.422 1.031-3.305 2.001.63 1.046 1.042 2.228 1.185 3.486h4.952c-1.134-1.692-1.771-3.66-1.864-5.727z\"><\/path><\/g><\/svg>\t\t\t\t<\/span>\n\t\t\t<\/div>\n\t\t\t\n\t\t\t\t\t\t<div class=\"elementor-icon-box-content\">\n\n\t\t\t\t\t\t\t\t\t<h3 class=\"elementor-icon-box-title\">\n\t\t\t\t\t\t<span  >\n\t\t\t\t\t\t\tContact details\t\t\t\t\t\t<\/span>\n\t\t\t\t\t<\/h3>\n\t\t\t\t\n\t\t\t\t\t\t\t\t\t<p class=\"elementor-icon-box-description\">\n\t\t\t\t\t\tUpGreat Systemy Komputerowe Sp. z o. o<br>\nNIP: 779-20-28-330<br>\nREGON: 631261350<br>\nKRS: KRS0000179607<br>\n\nDistrict Court Pozna\u0144 - Nowe Miasto and Wilda in Pozna\u0144, VIII Commercial Division of the National Court Register<br>\n\nShare capital: 339 thousand zlotys\t\t\t\t\t<\/p>\n\t\t\t\t\n\t\t\t<\/div>\n\t\t\t\n\t\t<\/div>\n\t\t\t\t\t\t<\/div>\n\t\t\t\t<\/div>\n\t\t\t\t<div class=\"elementor-element elementor-element-379a2a8 elementor-align-left elementor-icon-list--layout-traditional elementor-list-item-link-full_width elementor-widget elementor-widget-icon-list\" data-id=\"379a2a8\" data-element_type=\"widget\" data-widget_type=\"icon-list.default\">\n\t\t\t\t<div class=\"elementor-widget-container\">\n\t\t\t\t\t\t\t<ul class=\"elementor-icon-list-items\">\n\t\t\t\t\t\t\t<li class=\"elementor-icon-list-item\">\n\t\t\t\t\t\t\t\t\t\t\t<span class=\"elementor-icon-list-icon\">\n\t\t\t\t\t\t\t<svg xmlns=\"http:\/\/www.w3.org\/2000\/svg\" viewbox=\"0 0 512 512\"><path d=\"M511.2 387l-23.25 100.8c-3.266 14.25-15.79 24.22-30.46 24.22C205.2 512 0 306.8 0 54.5c0-14.66 9.969-27.2 24.22-30.45l100.8-23.25C139.7-2.602 154.7 5.018 160.8 18.92l46.52 108.5c5.438 12.78 1.77 27.67-8.98 36.45L144.5 207.1c33.98 69.22 90.26 125.5 159.5 159.5l44.08-53.8c8.688-10.78 23.69-14.51 36.47-8.975l108.5 46.51C506.1 357.2 514.6 372.4 511.2 387z\"><\/path><\/svg>\t\t\t\t\t\t<\/span>\n\t\t\t\t\t\t\t\t\t\t<span class=\"elementor-icon-list-text\">+48 61 664 16 20<\/span>\n\t\t\t\t\t\t\t\t\t<\/li>\n\t\t\t\t\t\t\t\t<li class=\"elementor-icon-list-item\">\n\t\t\t\t\t\t\t\t\t\t\t<span class=\"elementor-icon-list-icon\">\n\t\t\t\t\t\t\t<svg xmlns=\"http:\/\/www.w3.org\/2000\/svg\" viewbox=\"0 0 512 512\"><path d=\"M464 64C490.5 64 512 85.49 512 112C512 127.1 504.9 141.3 492.8 150.4L275.2 313.6C263.8 322.1 248.2 322.1 236.8 313.6L19.2 150.4C7.113 141.3 0 127.1 0 112C0 85.49 21.49 64 48 64H464zM217.6 339.2C240.4 356.3 271.6 356.3 294.4 339.2L512 176V384C512 419.3 483.3 448 448 448H64C28.65 448 0 419.3 0 384V176L217.6 339.2z\"><\/path><\/svg>\t\t\t\t\t\t<\/span>\n\t\t\t\t\t\t\t\t\t\t<span class=\"elementor-icon-list-text\">biuro@upgreat.com.pl<\/span>\n\t\t\t\t\t\t\t\t\t<\/li>\n\t\t\t\t\t\t\t\t<li class=\"elementor-icon-list-item\">\n\t\t\t\t\t\t\t\t\t\t\t<span class=\"elementor-icon-list-icon\">\n\t\t\t\t\t\t\t<svg xmlns=\"http:\/\/www.w3.org\/2000\/svg\" id=\"Capa_1\" height=\"512\" viewbox=\"0 0 512 512\" width=\"512\"><g><path d=\"m407 376h-302l-30 120h362z\"><\/path><path d=\"m317 106h81.211l-81.211-81.211z\"><\/path><path d=\"m105 16v210h302v-90h-120v-120z\"><\/path><path d=\"m467 166h-30v60h30v30c-25.15 0-397.77 0-422 0v-30h30v-60h-30c-24.814 0-45 20.186-45 45v225h59.077l22.5-90h348.846l22.5 90h59.077v-225c0-24.814-20.186-45-45-45zm-75 150h-30v-30h30zm60 0h-30v-30h30z\"><\/path><\/g><\/svg>\t\t\t\t\t\t<\/span>\n\t\t\t\t\t\t\t\t\t\t<span class=\"elementor-icon-list-text\">+48 61 664 16 21<\/span>\n\t\t\t\t\t\t\t\t\t<\/li>\n\t\t\t\t\t\t\t\t<li class=\"elementor-icon-list-item\">\n\t\t\t\t\t\t\t\t\t\t\t<span class=\"elementor-icon-list-icon\">\n\t\t\t\t\t\t\t<svg xmlns=\"http:\/\/www.w3.org\/2000\/svg\" id=\"Capa_1\" height=\"512\" viewbox=\"0 0 512 512\" width=\"512\"><g><path d=\"m256 0c-140.61 0-256 115.39-256 256s115.39 256 256 256 256-115.39 256-256-115.39-256-256-256zm116.673 118.114c5.858-5.858 15.355-5.858 21.213 0s5.858 15.355 0 21.213-15.355 5.858-21.213 0-5.858-15.355 0-21.213zm-131.673-42.114c0-8.291 6.709-15 15-15s15 6.709 15 15v30c0 8.291-6.709 15-15 15s-15-6.709-15-15zm-165 195c-8.291 0-15-6.709-15-15s6.709-15 15-15h30c8.291 0 15 6.709 15 15s-6.709 15-15 15zm63.327 122.886c-5.858 5.858-15.355 5.858-21.213 0s-5.858-15.355 0-21.213c5.858-5.859 15.355-5.859 21.213 0 5.858 5.858 5.858 15.355 0 21.213zm0-254.559c-5.858 5.858-15.355 5.858-21.213 0s-5.858-15.355 0-21.213 15.355-5.858 21.213 0 5.858 15.355 0 21.213zm131.673 296.673c0 8.291-6.709 15-15 15s-15-6.709-15-15v-30c0-8.291 6.709-15 15-15s15 6.709 15 15zm85.605-79.395c-5.859 5.859-15.352 5.859-21.211 0l-90-90c-2.812-2.812-4.394-6.621-4.394-10.605v-90c0-8.291 6.709-15 15-15s15 6.709 15 15v83.789l85.605 85.605c5.86 5.86 5.86 15.352 0 21.211zm37.281 37.281c-5.858 5.858-15.355 5.858-21.213 0s-5.858-15.355 0-21.213c5.858-5.859 15.355-5.859 21.213 0 5.857 5.858 5.857 15.355 0 21.213zm57.114-137.886c0 8.291-6.709 15-15 15h-30c-8.291 0-15-6.709-15-15s6.709-15 15-15h30c8.291 0 15 6.709 15 15z\"><\/path><\/g><\/svg>\t\t\t\t\t\t<\/span>\n\t\t\t\t\t\t\t\t\t\t<span class=\"elementor-icon-list-text\">Mon - Fri from 8:30 am to 4:30 pm<\/span>\n\t\t\t\t\t\t\t\t\t<\/li>\n\t\t\t\t\t\t\t\t<li class=\"elementor-icon-list-item\">\n\t\t\t\t\t\t\t\t\t\t\t<span class=\"elementor-icon-list-icon\">\n\t\t\t\t\t\t\t<svg xmlns=\"http:\/\/www.w3.org\/2000\/svg\" viewbox=\"0 0 384 512\"><path d=\"M168.3 499.2C116.1 435 0 279.4 0 192C0 85.96 85.96 0 192 0C298 0 384 85.96 384 192C384 279.4 267 435 215.7 499.2C203.4 514.5 180.6 514.5 168.3 499.2H168.3zM192 256C227.3 256 256 227.3 256 192C256 156.7 227.3 128 192 128C156.7 128 128 156.7 128 192C128 227.3 156.7 256 192 256z\"><\/path><\/svg>\t\t\t\t\t\t<\/span>\n\t\t\t\t\t\t\t\t\t\t<span class=\"elementor-icon-list-text\">ul. Ostrobramska 22, Pozna\u0144<\/span>\n\t\t\t\t\t\t\t\t\t<\/li>\n\t\t\t\t\t\t<\/ul>\n\t\t\t\t\t\t<\/div>\n\t\t\t\t<\/div>\n\t\t\t\t\t<\/div>\n\t\t<\/div>\n\t\t\t\t<div class=\"elementor-column elementor-col-50 elementor-top-column elementor-element elementor-element-1abc68b\" data-id=\"1abc68b\" data-element_type=\"column\">\n\t\t\t<div class=\"elementor-widget-wrap elementor-element-populated\">\n\t\t\t\t\t\t<div class=\"elementor-element elementor-element-ea867f7 elementor-widget elementor-widget-google_maps\" data-id=\"ea867f7\" data-element_type=\"widget\" data-widget_type=\"google_maps.default\">\n\t\t\t\t<div class=\"elementor-widget-container\">\n\t\t\t\t\t\t\t<div class=\"elementor-custom-embed\">\n\t\t\t<iframe loading=\"lazy\"\n\t\t\t\t\tsrc=\"https:\/\/maps.google.com\/maps?q=upgreat%20systemy%20komputerowe%20sp.%20z%20o.o&#038;t=m&#038;z=16&#038;output=embed&#038;iwloc=near\"\n\t\t\t\t\ttitle=\"upgreat computer systems sp. z oo\"\n\t\t\t\t\taria-label=\"upgreat computer systems sp. z oo\"\n\t\t\t><\/iframe>\n\t\t<\/div>\n\t\t\t\t\t\t<\/div>\n\t\t\t\t<\/div>\n\t\t\t\t<div class=\"elementor-element elementor-element-4dfff8b elementor-widget elementor-widget-heading\" data-id=\"4dfff8b\" data-element_type=\"widget\" data-widget_type=\"heading.default\">\n\t\t\t\t<div class=\"elementor-widget-container\">\n\t\t\t\t\t<h2 class=\"elementor-heading-title elementor-size-default\">Contact form<\/h2>\t\t\t\t<\/div>\n\t\t\t\t<\/div>\n\t\t\t\t<div class=\"elementor-element elementor-element-186d637 elementor-button-align-stretch elementor-widget elementor-widget-form\" data-id=\"186d637\" data-element_type=\"widget\" data-settings=\"{&quot;step_next_label&quot;:&quot;Next&quot;,&quot;step_previous_label&quot;:&quot;Previous&quot;,&quot;button_width&quot;:&quot;100&quot;,&quot;step_type&quot;:&quot;number_text&quot;,&quot;step_icon_shape&quot;:&quot;circle&quot;}\" data-widget_type=\"form.default\">\n\t\t\t\t<div class=\"elementor-widget-container\">\n\t\t\t\t\t\t\t<form class=\"elementor-form\" method=\"post\" name=\"New Form\" aria-label=\"New Form\" action=\"\">\n\t\t\t<input type=\"hidden\" name=\"post_id\" value=\"356\"\/>\n\t\t\t<input type=\"hidden\" name=\"form_id\" value=\"186d637\"\/>\n\t\t\t<input type=\"hidden\" name=\"referer_title\" value=\"Upgreat\" \/>\n\n\t\t\t\n\t\t\t<div class=\"elementor-form-fields-wrapper elementor-labels-above\">\n\t\t\t\t\t\t\t\t<div class=\"elementor-field-type-text elementor-field-group elementor-column elementor-field-group-name elementor-col-50 elementor-field-required\">\n\t\t\t\t\t\t\t\t\t\t\t\t\t<input size=\"1\" type=\"text\" name=\"form_fields[name]\" id=\"form-field-name\" class=\"elementor-field elementor-size-sm  elementor-field-textual\" placeholder=\"First name and last name*\" required=\"required\">\n\t\t\t\t\t\t\t\t\t\t\t<\/div>\n\t\t\t\t\t\t\t\t<div class=\"elementor-field-type-text elementor-field-group elementor-column elementor-field-group-field_004c10e elementor-col-50\">\n\t\t\t\t\t\t\t\t\t\t\t\t\t<input size=\"1\" type=\"text\" name=\"form_fields[field_004c10e]\" id=\"form-field-field_004c10e\" class=\"elementor-field elementor-size-sm  elementor-field-textual\" placeholder=\"company name\">\n\t\t\t\t\t\t\t\t\t\t\t<\/div>\n\t\t\t\t\t\t\t\t<div class=\"elementor-field-type-tel elementor-field-group elementor-column elementor-field-group-field_4db3913 elementor-col-50 elementor-field-required\">\n\t\t\t\t\t\t\t<input size=\"1\" type=\"tel\" name=\"form_fields[field_4db3913]\" id=\"form-field-field_4db3913\" class=\"elementor-field elementor-size-sm  elementor-field-textual\" placeholder=\"Phone number*\" required=\"required\" pattern=\"[0-9()#&amp;+*-=.]+\" title=\"Only numbers and phone characters (#, -, *, etc) are accepted.\">\n\n\t\t\t\t\t\t<\/div>\n\t\t\t\t\t\t\t\t<div class=\"elementor-field-type-email elementor-field-group elementor-column elementor-field-group-email elementor-col-50 elementor-field-required\">\n\t\t\t\t\t\t\t\t\t\t\t\t\t<input size=\"1\" type=\"email\" name=\"form_fields[email]\" id=\"form-field-email\" class=\"elementor-field elementor-size-sm  elementor-field-textual\" placeholder=\"Business email address*\" required=\"required\">\n\t\t\t\t\t\t\t\t\t\t\t<\/div>\n\t\t\t\t\t\t\t\t<div class=\"elementor-field-type-textarea elementor-field-group elementor-column elementor-field-group-message elementor-col-100\">\n\t\t\t\t\t<textarea class=\"elementor-field-textual elementor-field  elementor-size-sm\" name=\"form_fields[message]\" id=\"form-field-message\" rows=\"4\" placeholder=\"Message content\"><\/textarea>\t\t\t\t<\/div>\n\t\t\t\t\t\t\t\t<div class=\"elementor-field-type-recaptcha_v3 elementor-field-group elementor-column elementor-field-group-field_e4257ca elementor-col-100 recaptcha_v3-bottomleft\">\n\t\t\t\t\t<div class=\"elementor-field\" id=\"form-field-field_e4257ca\"><div class=\"elementor-g-recaptcha\" data-sitekey=\"6Ldt_t0UAAAAAGq5cFoPGpIMypDpc46hfIcf9P2O\" data-type=\"v3\" data-action=\"Form\" data-badge=\"bottomleft\" data-size=\"invisible\"><\/div><\/div>\t\t\t\t<\/div>\n\t\t\t\t\t\t\t\t<div class=\"elementor-field-group elementor-column elementor-field-type-submit elementor-col-100 e-form__buttons\">\n\t\t\t\t\t<button class=\"elementor-button elementor-size-sm\" type=\"submit\">\n\t\t\t\t\t\t<span class=\"elementor-button-content-wrapper\">\n\t\t\t\t\t\t\t\t\t\t\t\t\t\t\t\t\t\t\t\t\t\t<span class=\"elementor-button-text\">Send the form<\/span>\n\t\t\t\t\t\t\t\t\t\t\t\t\t<\/span>\n\t\t\t\t\t<\/button>\n\t\t\t\t<\/div>\n\t\t\t<\/div>\n\t\t<input type=\"hidden\" name=\"trp-form-language\" value=\"en\"\/><\/form>\n\t\t\t\t\t\t<\/div>\n\t\t\t\t<\/div>\n\t\t\t\t\t<\/div>\n\t\t<\/div>\n\t\t\t\t\t<\/div>\n\t\t<\/section>\n\t\t\t\t<\/div>","protected":false},"excerpt":{"rendered":"<p>Contact Contact details UpGreat Systemy Komputerowe Sp. z o. o. NIP: 779-20-28-330 REGON: 631261350 KRS: KRS0000179607 District Court Pozna\u0144 - Nowe Miasto and Wilda in Pozna\u0144, 8th Commercial Division of the National Court Register Share capital: PLN 339 thousand. PLN +48 61 664 16 20 biuro@upgreat.com.pl +48 61 664 16 21 Mon \u2013 Fri from 8:30 to 16:30 ul. [\u2026]<\/p>","protected":false},"author":1,"featured_media":0,"parent":0,"menu_order":0,"comment_status":"closed","ping_status":"closed","template":"elementor_header_footer","meta":{"footnotes":""},"class_list":["post-356","page","type-page","status-publish","hentry"],"yoast_head":"<!-- This site is optimized with the Yoast SEO plugin v26.3 - https:\/\/yoast.com\/wordpress\/plugins\/seo\/ -->\n<title>Kontakt | Upgreat<\/title>\n<meta name=\"robots\" content=\"index, follow, max-snippet:-1, max-image-preview:large, max-video-preview:-1\" \/>\n<link rel=\"canonical\" href=\"https:\/\/www.upgreat.pl\/en\/kontakt\/\" \/>\n<meta property=\"og:locale\" content=\"en_US\" \/>\n<meta property=\"og:type\" content=\"article\" \/>\n<meta property=\"og:title\" content=\"Kontakt | Upgreat\" \/>\n<meta property=\"og:description\" content=\"Kontakt Dane kontaktowe UpGreat Systemy Komputerowe Sp. z o.o. NIP: 779-20-28-330 REGON: 631261350 KRS: KRS0000179607 S\u0105d Rejonowy Pozna\u0144 &#8211; Nowe Miasto i Wilda w Poznaniu, VIII Wydzia\u0142 Gospodarczy Krajowego Rejestru S\u0105dowego Kapita\u0142 zak\u0142adowy: 339 tys. z\u0142otych +48 61 664 16 20 biuro@upgreat.com.pl +48 61 664 16 21 Pon &#8211; Pt od 8:30 do 16:30 ul. [&hellip;]\" \/>\n<meta property=\"og:url\" content=\"https:\/\/www.upgreat.pl\/en\/kontakt\/\" \/>\n<meta property=\"og:site_name\" content=\"Upgreat\" \/>\n<meta property=\"article:modified_time\" content=\"2024-12-05T10:48:21+00:00\" \/>\n<meta name=\"twitter:card\" content=\"summary_large_image\" \/>\n<meta name=\"twitter:label1\" content=\"Est. reading time\" \/>\n\t<meta name=\"twitter:data1\" content=\"1 minute\" \/>\n<script type=\"application\/ld+json\" class=\"yoast-schema-graph\">{\"@context\":\"https:\/\/schema.org\",\"@graph\":[{\"@type\":\"WebPage\",\"@id\":\"https:\/\/www.upgreat.pl\/kontakt\/\",\"url\":\"https:\/\/www.upgreat.pl\/kontakt\/\",\"name\":\"Kontakt | Upgreat\",\"isPartOf\":{\"@id\":\"https:\/\/www.upgreat.pl\/#website\"},\"datePublished\":\"2022-04-13T20:00:54+00:00\",\"dateModified\":\"2024-12-05T10:48:21+00:00\",\"breadcrumb\":{\"@id\":\"https:\/\/www.upgreat.pl\/kontakt\/#breadcrumb\"},\"inLanguage\":\"en-US\",\"potentialAction\":[{\"@type\":\"ReadAction\",\"target\":[\"https:\/\/www.upgreat.pl\/kontakt\/\"]}]},{\"@type\":\"BreadcrumbList\",\"@id\":\"https:\/\/www.upgreat.pl\/kontakt\/#breadcrumb\",\"itemListElement\":[{\"@type\":\"ListItem\",\"position\":1,\"name\":\"Strona g\u0142\u00f3wna\",\"item\":\"https:\/\/www.upgreat.pl\/\"},{\"@type\":\"ListItem\",\"position\":2,\"name\":\"Kontakt\"}]},{\"@type\":\"WebSite\",\"@id\":\"https:\/\/www.upgreat.pl\/#website\",\"url\":\"https:\/\/www.upgreat.pl\/\",\"name\":\"Upgreat\",\"description\":\"Bezpiecze\u0144stwo system\u00f3w IT, Outsourcing IT, Architektura system\u00f3w IT\",\"publisher\":{\"@id\":\"https:\/\/www.upgreat.pl\/#organization\"},\"potentialAction\":[{\"@type\":\"SearchAction\",\"target\":{\"@type\":\"EntryPoint\",\"urlTemplate\":\"https:\/\/www.upgreat.pl\/?s={search_term_string}\"},\"query-input\":{\"@type\":\"PropertyValueSpecification\",\"valueRequired\":true,\"valueName\":\"search_term_string\"}}],\"inLanguage\":\"en-US\"},{\"@type\":\"Organization\",\"@id\":\"https:\/\/www.upgreat.pl\/#organization\",\"name\":\"UpGreat.pl \u2013 profesjonalne us\u0142ugi informatyczne\",\"url\":\"https:\/\/www.upgreat.pl\/\",\"logo\":{\"@type\":\"ImageObject\",\"inLanguage\":\"en-US\",\"@id\":\"https:\/\/www.upgreat.pl\/#\/schema\/logo\/image\/\",\"url\":\"https:\/\/www.upgreat.pl\/wp-content\/uploads\/2022\/04\/UpGreat_CI.svg\",\"contentUrl\":\"https:\/\/www.upgreat.pl\/wp-content\/uploads\/2022\/04\/UpGreat_CI.svg\",\"width\":600,\"height\":220,\"caption\":\"UpGreat.pl \u2013 profesjonalne us\u0142ugi informatyczne\"},\"image\":{\"@id\":\"https:\/\/www.upgreat.pl\/#\/schema\/logo\/image\/\"}}]}<\/script>\n<!-- \/ Yoast SEO plugin. -->","yoast_head_json":{"title":"Contact | Upgreat","robots":{"index":"index","follow":"follow","max-snippet":"max-snippet:-1","max-image-preview":"max-image-preview:large","max-video-preview":"max-video-preview:-1"},"canonical":"https:\/\/www.upgreat.pl\/en\/kontakt\/","og_locale":"en_US","og_type":"article","og_title":"Kontakt | Upgreat","og_description":"Kontakt Dane kontaktowe UpGreat Systemy Komputerowe Sp. z o.o. NIP: 779-20-28-330 REGON: 631261350 KRS: KRS0000179607 S\u0105d Rejonowy Pozna\u0144 &#8211; Nowe Miasto i Wilda w Poznaniu, VIII Wydzia\u0142 Gospodarczy Krajowego Rejestru S\u0105dowego Kapita\u0142 zak\u0142adowy: 339 tys. z\u0142otych +48 61 664 16 20 biuro@upgreat.com.pl +48 61 664 16 21 Pon &#8211; Pt od 8:30 do 16:30 ul. [&hellip;]","og_url":"https:\/\/www.upgreat.pl\/en\/kontakt\/","og_site_name":"Upgreat","article_modified_time":"2024-12-05T10:48:21+00:00","twitter_card":"summary_large_image","twitter_misc":{"Est. reading time":"1 minute"},"schema":{"@context":"https:\/\/schema.org","@graph":[{"@type":"WebPage","@id":"https:\/\/www.upgreat.pl\/kontakt\/","url":"https:\/\/www.upgreat.pl\/kontakt\/","name":"Contact | Upgreat","isPartOf":{"@id":"https:\/\/www.upgreat.pl\/#website"},"datePublished":"2022-04-13T20:00:54+00:00","dateModified":"2024-12-05T10:48:21+00:00","breadcrumb":{"@id":"https:\/\/www.upgreat.pl\/kontakt\/#breadcrumb"},"inLanguage":"en-US","potentialAction":[{"@type":"ReadAction","target":["https:\/\/www.upgreat.pl\/kontakt\/"]}]},{"@type":"BreadcrumbList","@id":"https:\/\/www.upgreat.pl\/kontakt\/#breadcrumb","itemListElement":[{"@type":"ListItem","position":1,"name":"Strona g\u0142\u00f3wna","item":"https:\/\/www.upgreat.pl\/"},{"@type":"ListItem","position":2,"name":"Kontakt"}]},{"@type":"WebSite","@id":"https:\/\/www.upgreat.pl\/#website","url":"https:\/\/www.upgreat.pl\/","name":"Upgreat","description":"Security of IT systems, IT Outsourcing, Architecture of IT systems","publisher":{"@id":"https:\/\/www.upgreat.pl\/#organization"},"potentialAction":[{"@type":"SearchAction","target":{"@type":"EntryPoint","urlTemplate":"https:\/\/www.upgreat.pl\/?s={search_term_string}"},"query-input":{"@type":"PropertyValueSpecification","valueRequired":true,"valueName":"search_term_string"}}],"inLanguage":"en-US"},{"@type":"Organization","@id":"https:\/\/www.upgreat.pl\/#organization","name":"UpGreat.pl \u2013 professional IT services","url":"https:\/\/www.upgreat.pl\/","logo":{"@type":"ImageObject","inLanguage":"en-US","@id":"https:\/\/www.upgreat.pl\/#\/schema\/logo\/image\/","url":"https:\/\/www.upgreat.pl\/wp-content\/uploads\/2022\/04\/UpGreat_CI.svg","contentUrl":"https:\/\/www.upgreat.pl\/wp-content\/uploads\/2022\/04\/UpGreat_CI.svg","width":600,"height":220,"caption":"UpGreat.pl \u2013 profesjonalne us\u0142ugi informatyczne"},"image":{"@id":"https:\/\/www.upgreat.pl\/#\/schema\/logo\/image\/"}}]}},"_links":{"self":[{"href":"https:\/\/www.upgreat.pl\/en\/wp-json\/wp\/v2\/pages\/356","targetHints":{"allow":["GET"]}}],"collection":[{"href":"https:\/\/www.upgreat.pl\/en\/wp-json\/wp\/v2\/pages"}],"about":[{"href":"https:\/\/www.upgreat.pl\/en\/wp-json\/wp\/v2\/types\/page"}],"author":[{"embeddable":true,"href":"https:\/\/www.upgreat.pl\/en\/wp-json\/wp\/v2\/users\/1"}],"replies":[{"embeddable":true,"href":"https:\/\/www.upgreat.pl\/en\/wp-json\/wp\/v2\/comments?post=356"}],"version-history":[{"count":77,"href":"https:\/\/www.upgreat.pl\/en\/wp-json\/wp\/v2\/pages\/356\/revisions"}],"predecessor-version":[{"id":2476,"href":"https:\/\/www.upgreat.pl\/en\/wp-json\/wp\/v2\/pages\/356\/revisions\/2476"}],"wp:attachment":[{"href":"https:\/\/www.upgreat.pl\/en\/wp-json\/wp\/v2\/media?parent=356"}],"curies":[{"name":"wp","href":"https:\/\/api.w.org\/{rel}","templated":true}]}}