{"id":834,"date":"2022-04-19T19:43:32","date_gmt":"2022-04-19T19:43:32","guid":{"rendered":"https:\/\/www.upgreat.pl\/?page_id=834"},"modified":"2024-09-23T10:33:13","modified_gmt":"2024-09-23T10:33:13","slug":"sieci-wlan","status":"publish","type":"page","link":"https:\/\/www.upgreat.pl\/en\/architektura-systemow-it\/sieci-wlan\/","title":{"rendered":"WLAN networks"},"content":{"rendered":"<div data-elementor-type=\"wp-page\" data-elementor-id=\"834\" class=\"elementor elementor-834\" data-elementor-post-type=\"page\">\n\t\t\t\t\t\t<section class=\"elementor-section elementor-top-section elementor-element elementor-element-6d2576a elementor-section-boxed elementor-section-height-default elementor-section-height-default\" data-id=\"6d2576a\" data-element_type=\"section\">\n\t\t\t\t\t\t<div class=\"elementor-container elementor-column-gap-default\">\n\t\t\t\t\t<div class=\"elementor-column elementor-col-100 elementor-top-column elementor-element elementor-element-3cf75c6\" data-id=\"3cf75c6\" data-element_type=\"column\">\n\t\t\t<div class=\"elementor-widget-wrap elementor-element-populated\">\n\t\t\t\t\t\t<div class=\"elementor-element elementor-element-43c912b elementor-widget elementor-widget-heading\" data-id=\"43c912b\" data-element_type=\"widget\" data-widget_type=\"heading.default\">\n\t\t\t\t<div class=\"elementor-widget-container\">\n\t\t\t\t\t<h1 class=\"elementor-heading-title elementor-size-default\">WLAN networks - design, construction and configuration<\/h1>\t\t\t\t<\/div>\n\t\t\t\t<\/div>\n\t\t\t\t<div class=\"elementor-element elementor-element-d035f6a elementor-widget elementor-widget-breadcrumbs\" data-id=\"d035f6a\" data-element_type=\"widget\" data-widget_type=\"breadcrumbs.default\">\n\t\t\t\t<div class=\"elementor-widget-container\">\n\t\t\t\t\t<p id=\"breadcrumbs\"><span><span><a href=\"https:\/\/www.upgreat.pl\/en\/\">Home<\/a><\/span><\/span><\/p>\t\t\t\t<\/div>\n\t\t\t\t<\/div>\n\t\t\t\t\t<\/div>\n\t\t<\/div>\n\t\t\t\t\t<\/div>\n\t\t<\/section>\n\t\t\t\t<section class=\"elementor-section elementor-top-section elementor-element elementor-element-f6bb74d elementor-section-boxed elementor-section-height-default elementor-section-height-default\" data-id=\"f6bb74d\" data-element_type=\"section\" id=\"tabs-nav\">\n\t\t\t\t\t\t<div class=\"elementor-container elementor-column-gap-default\">\n\t\t\t\t\t<div class=\"elementor-column elementor-col-50 elementor-top-column elementor-element elementor-element-b1a5cdf\" data-id=\"b1a5cdf\" data-element_type=\"column\">\n\t\t\t<div class=\"elementor-widget-wrap elementor-element-populated\">\n\t\t\t\t\t\t<div class=\"elementor-element elementor-element-d085ff9 elementor-widget elementor-widget-heading\" data-id=\"d085ff9\" data-element_type=\"widget\" data-widget_type=\"heading.default\">\n\t\t\t\t<div class=\"elementor-widget-container\">\n\t\t\t\t\t<h3 class=\"elementor-heading-title elementor-size-default\"><a href=\"https:\/\/www.upgreat.pl\/en\/architektura-systemow-it\/\">Architecture of IT Systems<\/a><\/h3>\t\t\t\t<\/div>\n\t\t\t\t<\/div>\n\t\t\t\t<div class=\"elementor-element elementor-element-80faadf elementor-nav-menu--dropdown-none menu-oferta elementor-widget elementor-widget-nav-menu\" data-id=\"80faadf\" data-element_type=\"widget\" data-settings=\"{&quot;layout&quot;:&quot;vertical&quot;,&quot;submenu_icon&quot;:{&quot;value&quot;:&quot;&lt;i class=\\&quot;fas fa-caret-down\\&quot; aria-hidden=\\&quot;true\\&quot;&gt;&lt;\\\/i&gt;&quot;,&quot;library&quot;:&quot;fa-solid&quot;}}\" data-widget_type=\"nav-menu.default\">\n\t\t\t\t<div class=\"elementor-widget-container\">\n\t\t\t\t\t\t\t\t<nav aria-label=\"Menu\" class=\"elementor-nav-menu--main elementor-nav-menu__container elementor-nav-menu--layout-vertical e--pointer-background e--animation-fade\">\n\t\t\t\t<ul id=\"menu-1-80faadf\" class=\"elementor-nav-menu sm-vertical\"><li class=\"menu-item menu-item-type-post_type menu-item-object-page menu-item-786\"><a href=\"https:\/\/www.upgreat.pl\/en\/architektura-systemow-it\/instalacje-niskopradowe\/\" class=\"elementor-item\">Low voltage installations<\/a><\/li>\n<li class=\"menu-item menu-item-type-post_type menu-item-object-page menu-item-852\"><a href=\"https:\/\/www.upgreat.pl\/en\/architektura-systemow-it\/sieci-lan\/\" class=\"elementor-item\">LAN networks<\/a><\/li>\n<li class=\"menu-item menu-item-type-post_type menu-item-object-page menu-item-851\"><a href=\"https:\/\/www.upgreat.pl\/en\/architektura-systemow-it\/sieci-wan\/\" class=\"elementor-item\">WAN networks<\/a><\/li>\n<li class=\"menu-item menu-item-type-post_type menu-item-object-page menu-item-850\"><a href=\"https:\/\/www.upgreat.pl\/en\/architektura-systemow-it\/sieci-wlan\/\" class=\"elementor-item\">WLAN networks<\/a><\/li>\n<li class=\"menu-item menu-item-type-post_type menu-item-object-page menu-item-849\"><a href=\"https:\/\/www.upgreat.pl\/en\/architektura-systemow-it\/budowa-data-center\/\" class=\"elementor-item\">Building a data center<\/a><\/li>\n<li class=\"menu-item menu-item-type-post_type menu-item-object-page menu-item-848\"><a href=\"https:\/\/www.upgreat.pl\/en\/architektura-systemow-it\/backup-i-archiwizacja\/\" class=\"elementor-item\">Backup and archiving<\/a><\/li>\n<li class=\"menu-item menu-item-type-post_type menu-item-object-page menu-item-847\"><a href=\"https:\/\/www.upgreat.pl\/en\/architektura-systemow-it\/systemy-wspolpracy\/\" class=\"elementor-item\">Collaboration systems<\/a><\/li>\n<li class=\"menu-item menu-item-type-post_type menu-item-object-page menu-item-846\"><a href=\"https:\/\/www.upgreat.pl\/en\/architektura-systemow-it\/integracja-danych-i-rozwiazania-business-intelligence\/\" class=\"elementor-item\">Data integration and Business Intelligence solutions<\/a><\/li>\n<\/ul>\t\t\t<\/nav>\n\t\t\t\t\t\t<nav class=\"elementor-nav-menu--dropdown elementor-nav-menu__container\" aria-hidden=\"true\">\n\t\t\t\t<ul id=\"menu-2-80faadf\" class=\"elementor-nav-menu sm-vertical\"><li class=\"menu-item menu-item-type-post_type menu-item-object-page menu-item-786\"><a href=\"https:\/\/www.upgreat.pl\/en\/architektura-systemow-it\/instalacje-niskopradowe\/\" class=\"elementor-item\" tabindex=\"-1\">Low voltage installations<\/a><\/li>\n<li class=\"menu-item menu-item-type-post_type menu-item-object-page menu-item-852\"><a href=\"https:\/\/www.upgreat.pl\/en\/architektura-systemow-it\/sieci-lan\/\" class=\"elementor-item\" tabindex=\"-1\">LAN networks<\/a><\/li>\n<li class=\"menu-item menu-item-type-post_type menu-item-object-page menu-item-851\"><a href=\"https:\/\/www.upgreat.pl\/en\/architektura-systemow-it\/sieci-wan\/\" class=\"elementor-item\" tabindex=\"-1\">WAN networks<\/a><\/li>\n<li class=\"menu-item menu-item-type-post_type menu-item-object-page menu-item-850\"><a href=\"https:\/\/www.upgreat.pl\/en\/architektura-systemow-it\/sieci-wlan\/\" class=\"elementor-item\" tabindex=\"-1\">WLAN networks<\/a><\/li>\n<li class=\"menu-item menu-item-type-post_type menu-item-object-page menu-item-849\"><a href=\"https:\/\/www.upgreat.pl\/en\/architektura-systemow-it\/budowa-data-center\/\" class=\"elementor-item\" tabindex=\"-1\">Building a data center<\/a><\/li>\n<li class=\"menu-item menu-item-type-post_type menu-item-object-page menu-item-848\"><a href=\"https:\/\/www.upgreat.pl\/en\/architektura-systemow-it\/backup-i-archiwizacja\/\" class=\"elementor-item\" tabindex=\"-1\">Backup and archiving<\/a><\/li>\n<li class=\"menu-item menu-item-type-post_type menu-item-object-page menu-item-847\"><a href=\"https:\/\/www.upgreat.pl\/en\/architektura-systemow-it\/systemy-wspolpracy\/\" class=\"elementor-item\" tabindex=\"-1\">Collaboration systems<\/a><\/li>\n<li class=\"menu-item menu-item-type-post_type menu-item-object-page menu-item-846\"><a href=\"https:\/\/www.upgreat.pl\/en\/architektura-systemow-it\/integracja-danych-i-rozwiazania-business-intelligence\/\" class=\"elementor-item\" tabindex=\"-1\">Data integration and Business Intelligence solutions<\/a><\/li>\n<\/ul>\t\t\t<\/nav>\n\t\t\t\t\t\t<\/div>\n\t\t\t\t<\/div>\n\t\t\t\t\t<\/div>\n\t\t<\/div>\n\t\t\t\t<div class=\"elementor-column elementor-col-50 elementor-top-column elementor-element elementor-element-1abc68b\" data-id=\"1abc68b\" data-element_type=\"column\">\n\t\t\t<div class=\"elementor-widget-wrap elementor-element-populated\">\n\t\t\t\t\t\t<section class=\"elementor-section elementor-inner-section elementor-element elementor-element-72a0b0c elementor-section-boxed elementor-section-height-default elementor-section-height-default\" data-id=\"72a0b0c\" data-element_type=\"section\">\n\t\t\t\t\t\t<div class=\"elementor-container elementor-column-gap-default\">\n\t\t\t\t\t<div class=\"elementor-column elementor-col-100 elementor-inner-column elementor-element elementor-element-bc7416d\" data-id=\"bc7416d\" data-element_type=\"column\">\n\t\t\t<div class=\"elementor-widget-wrap elementor-element-populated\">\n\t\t\t\t\t\t<div class=\"elementor-element elementor-element-bd9932e elementor-widget elementor-widget-text-editor\" data-id=\"bd9932e\" data-element_type=\"widget\" data-widget_type=\"text-editor.default\">\n\t\t\t\t<div class=\"elementor-widget-container\">\n\t\t\t\t\t\t\t\t\t<p>WLAN networks are an indispensable element of the IT infrastructure in enterprises for which mobility and high availability of services are the basis for achieving business goals. Our wireless installations can be found in warehouse and production halls, chain stores and offices. Our experience in designing and implementing wireless networks has allowed us to develop a comprehensive offer for the delivery of secure solutions based on proven standards and practices used in wifi networks.<\/p><p>We make sure that our solutions provide maximum benefits to our clients.\u00a0<\/p><h2>Our WLAN implementation offer includes the following services:<\/h2><ul><li><strong>site survey<\/strong>\u00a0- WLAN network measurements, allowing to determine the location and number of access points that will guarantee the required speed when accessing the WLAN. Performing measurements guarantees full WiFi coverage while maintaining the highest transmission speeds for a given technology, ensures signal continuity and optimization of the number of access points.<\/li><li><strong>design and optimization of the concept<\/strong>\u00a0- when implementing wireless networks, we use technologies that increase efficiency, stability and guarantee full monitoring of the network&#039;s operation. Networks based on redundant controllers, a management server, tools for advanced analysis of mobile services and reporting are the most common design scenarios in enterprise environments. When designing, we use specialized software that allows us to determine the optimal locations of access points, ensuring the appropriate level of radio signal, while reducing installation costs to a minimum.<\/li><li><strong>ensuring the safety of<\/strong>\u00a0- WLANs can be vulnerable to attacks and unethical user behavior. To secure your network, complex passwords and WPA2 encryption are no longer sufficient. The security we use is the authentication of the user in the network with the use of domain passwords, dedicated RADIUS servers or one-time password servers. Additionally, the authentication process can be strengthened by means of certificates issued individually for each device. A necessary element of a safe WLAN network is a correctly made contact with the corporate network. Traffic should be passed through the fire gate and filtered down to TCP ports only for those services that are to be accessed by mobile users. An additional security for the wireless network is the WLAN IPS solution, which, by observing the network environment, is able to detect and neutralize attacks on the wireless network.<\/li><\/ul><h2>Security audit after WLAN deployment<\/h2><p>The final stage of implementation is the performance of a security audit, which allows you to verify the network security methods used and their susceptibility to threats. We check existing networks for vulnerability to attacks and perform penetration tests - in this way we check the operation of security systems and threat detection. In the event of irregularities - we develop a security policy implementation plan, taking into account the current state of knowledge about the security applied.<\/p>\t\t\t\t\t\t\t\t<\/div>\n\t\t\t\t<\/div>\n\t\t\t\t\t<\/div>\n\t\t<\/div>\n\t\t\t\t\t<\/div>\n\t\t<\/section>\n\t\t\t\t\t<\/div>\n\t\t<\/div>\n\t\t\t\t\t<\/div>\n\t\t<\/section>\n\t\t\t\t<\/div>","protected":false},"excerpt":{"rendered":"<p>WLAN networks \u2013 design, construction and configuration IT System Architecture WLAN networks are an indispensable element of IT infrastructure in companies, for which mobility and high availability of services are the basis for achieving business goals. Our wireless installations can be found in warehouses and production halls, chain stores and offices. Our experience in designing and implementing wireless networks has allowed [\u2026]<\/p>","protected":false},"author":1,"featured_media":0,"parent":544,"menu_order":0,"comment_status":"closed","ping_status":"closed","template":"elementor_header_footer","meta":{"footnotes":""},"class_list":["post-834","page","type-page","status-publish","hentry"],"yoast_head":"<!-- This site is optimized with the Yoast SEO plugin v26.3 - https:\/\/yoast.com\/wordpress\/plugins\/seo\/ -->\n<title>Sieci WLAN (sieci Wi-Fi) - projektowanie, budowa i konfiguracja | UpGreat<\/title>\n<meta name=\"description\" content=\"Sieci WLAN - wydajne rozwi\u0105zania bezprzewodowe dla szybkiego, bezpiecznego i niezawodnego dost\u0119pu do sieci. Optymalne po\u0142\u0105czenia bezprzewodowe dla pe\u0142nej mobilno\u015bci i elastyczno\u015bci\" \/>\n<meta name=\"robots\" content=\"index, follow, max-snippet:-1, max-image-preview:large, max-video-preview:-1\" \/>\n<link rel=\"canonical\" href=\"https:\/\/www.upgreat.pl\/en\/architektura-systemow-it\/sieci-wlan\/\" \/>\n<meta property=\"og:locale\" content=\"en_US\" \/>\n<meta property=\"og:type\" content=\"article\" \/>\n<meta property=\"og:title\" content=\"Sieci WLAN (sieci Wi-Fi) - projektowanie, budowa i konfiguracja | UpGreat\" \/>\n<meta property=\"og:description\" content=\"Sieci WLAN - wydajne rozwi\u0105zania bezprzewodowe dla szybkiego, bezpiecznego i niezawodnego dost\u0119pu do sieci. Optymalne po\u0142\u0105czenia bezprzewodowe dla pe\u0142nej mobilno\u015bci i elastyczno\u015bci\" \/>\n<meta property=\"og:url\" content=\"https:\/\/www.upgreat.pl\/en\/architektura-systemow-it\/sieci-wlan\/\" \/>\n<meta property=\"og:site_name\" content=\"Upgreat\" \/>\n<meta property=\"article:modified_time\" content=\"2024-09-23T10:33:13+00:00\" \/>\n<meta name=\"twitter:card\" content=\"summary_large_image\" \/>\n<meta name=\"twitter:label1\" content=\"Est. reading time\" \/>\n\t<meta name=\"twitter:data1\" content=\"3 minutes\" \/>\n<script type=\"application\/ld+json\" class=\"yoast-schema-graph\">{\"@context\":\"https:\/\/schema.org\",\"@graph\":[{\"@type\":\"WebPage\",\"@id\":\"https:\/\/www.upgreat.pl\/architektura-systemow-it\/sieci-wlan\/\",\"url\":\"https:\/\/www.upgreat.pl\/architektura-systemow-it\/sieci-wlan\/\",\"name\":\"Sieci WLAN (sieci Wi-Fi) - projektowanie, budowa i konfiguracja | UpGreat\",\"isPartOf\":{\"@id\":\"https:\/\/www.upgreat.pl\/#website\"},\"datePublished\":\"2022-04-19T19:43:32+00:00\",\"dateModified\":\"2024-09-23T10:33:13+00:00\",\"description\":\"Sieci WLAN - wydajne rozwi\u0105zania bezprzewodowe dla szybkiego, bezpiecznego i niezawodnego dost\u0119pu do sieci. Optymalne po\u0142\u0105czenia bezprzewodowe dla pe\u0142nej mobilno\u015bci i elastyczno\u015bci\",\"breadcrumb\":{\"@id\":\"https:\/\/www.upgreat.pl\/architektura-systemow-it\/sieci-wlan\/#breadcrumb\"},\"inLanguage\":\"en-US\",\"potentialAction\":[{\"@type\":\"ReadAction\",\"target\":[\"https:\/\/www.upgreat.pl\/architektura-systemow-it\/sieci-wlan\/\"]}]},{\"@type\":\"BreadcrumbList\",\"@id\":\"https:\/\/www.upgreat.pl\/architektura-systemow-it\/sieci-wlan\/#breadcrumb\",\"itemListElement\":[{\"@type\":\"ListItem\",\"position\":1,\"name\":\"Strona g\u0142\u00f3wna\",\"item\":\"https:\/\/www.upgreat.pl\/\"},{\"@type\":\"ListItem\",\"position\":2,\"name\":\"Architektura system\u00f3w IT\",\"item\":\"https:\/\/www.upgreat.pl\/architektura-systemow-it\/\"},{\"@type\":\"ListItem\",\"position\":3,\"name\":\"Sieci WLAN\"}]},{\"@type\":\"WebSite\",\"@id\":\"https:\/\/www.upgreat.pl\/#website\",\"url\":\"https:\/\/www.upgreat.pl\/\",\"name\":\"Upgreat\",\"description\":\"Bezpiecze\u0144stwo system\u00f3w IT, Outsourcing IT, Architektura system\u00f3w IT\",\"publisher\":{\"@id\":\"https:\/\/www.upgreat.pl\/#organization\"},\"potentialAction\":[{\"@type\":\"SearchAction\",\"target\":{\"@type\":\"EntryPoint\",\"urlTemplate\":\"https:\/\/www.upgreat.pl\/?s={search_term_string}\"},\"query-input\":{\"@type\":\"PropertyValueSpecification\",\"valueRequired\":true,\"valueName\":\"search_term_string\"}}],\"inLanguage\":\"en-US\"},{\"@type\":\"Organization\",\"@id\":\"https:\/\/www.upgreat.pl\/#organization\",\"name\":\"UpGreat.pl \u2013 profesjonalne us\u0142ugi informatyczne\",\"url\":\"https:\/\/www.upgreat.pl\/\",\"logo\":{\"@type\":\"ImageObject\",\"inLanguage\":\"en-US\",\"@id\":\"https:\/\/www.upgreat.pl\/#\/schema\/logo\/image\/\",\"url\":\"https:\/\/www.upgreat.pl\/wp-content\/uploads\/2022\/04\/UpGreat_CI.svg\",\"contentUrl\":\"https:\/\/www.upgreat.pl\/wp-content\/uploads\/2022\/04\/UpGreat_CI.svg\",\"width\":600,\"height\":220,\"caption\":\"UpGreat.pl \u2013 profesjonalne us\u0142ugi informatyczne\"},\"image\":{\"@id\":\"https:\/\/www.upgreat.pl\/#\/schema\/logo\/image\/\"}}]}<\/script>\n<!-- \/ Yoast SEO plugin. -->","yoast_head_json":{"title":"WLAN networks (Wi-Fi networks) - design, construction and configuration | UpGreat","description":"WLAN networks - efficient wireless solutions for fast, secure, and reliable network access. Optimal wireless connections for complete mobility and flexibility.","robots":{"index":"index","follow":"follow","max-snippet":"max-snippet:-1","max-image-preview":"max-image-preview:large","max-video-preview":"max-video-preview:-1"},"canonical":"https:\/\/www.upgreat.pl\/en\/architektura-systemow-it\/sieci-wlan\/","og_locale":"en_US","og_type":"article","og_title":"Sieci WLAN (sieci Wi-Fi) - projektowanie, budowa i konfiguracja | UpGreat","og_description":"Sieci WLAN - wydajne rozwi\u0105zania bezprzewodowe dla szybkiego, bezpiecznego i niezawodnego dost\u0119pu do sieci. Optymalne po\u0142\u0105czenia bezprzewodowe dla pe\u0142nej mobilno\u015bci i elastyczno\u015bci","og_url":"https:\/\/www.upgreat.pl\/en\/architektura-systemow-it\/sieci-wlan\/","og_site_name":"Upgreat","article_modified_time":"2024-09-23T10:33:13+00:00","twitter_card":"summary_large_image","twitter_misc":{"Est. reading time":"3 minutes"},"schema":{"@context":"https:\/\/schema.org","@graph":[{"@type":"WebPage","@id":"https:\/\/www.upgreat.pl\/architektura-systemow-it\/sieci-wlan\/","url":"https:\/\/www.upgreat.pl\/architektura-systemow-it\/sieci-wlan\/","name":"WLAN networks (Wi-Fi networks) - design, construction and configuration | UpGreat","isPartOf":{"@id":"https:\/\/www.upgreat.pl\/#website"},"datePublished":"2022-04-19T19:43:32+00:00","dateModified":"2024-09-23T10:33:13+00:00","description":"WLAN networks - efficient wireless solutions for fast, secure, and reliable network access. Optimal wireless connections for complete mobility and flexibility.","breadcrumb":{"@id":"https:\/\/www.upgreat.pl\/architektura-systemow-it\/sieci-wlan\/#breadcrumb"},"inLanguage":"en-US","potentialAction":[{"@type":"ReadAction","target":["https:\/\/www.upgreat.pl\/architektura-systemow-it\/sieci-wlan\/"]}]},{"@type":"BreadcrumbList","@id":"https:\/\/www.upgreat.pl\/architektura-systemow-it\/sieci-wlan\/#breadcrumb","itemListElement":[{"@type":"ListItem","position":1,"name":"Strona g\u0142\u00f3wna","item":"https:\/\/www.upgreat.pl\/"},{"@type":"ListItem","position":2,"name":"Architektura system\u00f3w IT","item":"https:\/\/www.upgreat.pl\/architektura-systemow-it\/"},{"@type":"ListItem","position":3,"name":"Sieci WLAN"}]},{"@type":"WebSite","@id":"https:\/\/www.upgreat.pl\/#website","url":"https:\/\/www.upgreat.pl\/","name":"Upgreat","description":"Security of IT systems, IT Outsourcing, Architecture of IT systems","publisher":{"@id":"https:\/\/www.upgreat.pl\/#organization"},"potentialAction":[{"@type":"SearchAction","target":{"@type":"EntryPoint","urlTemplate":"https:\/\/www.upgreat.pl\/?s={search_term_string}"},"query-input":{"@type":"PropertyValueSpecification","valueRequired":true,"valueName":"search_term_string"}}],"inLanguage":"en-US"},{"@type":"Organization","@id":"https:\/\/www.upgreat.pl\/#organization","name":"UpGreat.pl \u2013 professional IT services","url":"https:\/\/www.upgreat.pl\/","logo":{"@type":"ImageObject","inLanguage":"en-US","@id":"https:\/\/www.upgreat.pl\/#\/schema\/logo\/image\/","url":"https:\/\/www.upgreat.pl\/wp-content\/uploads\/2022\/04\/UpGreat_CI.svg","contentUrl":"https:\/\/www.upgreat.pl\/wp-content\/uploads\/2022\/04\/UpGreat_CI.svg","width":600,"height":220,"caption":"UpGreat.pl \u2013 profesjonalne us\u0142ugi informatyczne"},"image":{"@id":"https:\/\/www.upgreat.pl\/#\/schema\/logo\/image\/"}}]}},"_links":{"self":[{"href":"https:\/\/www.upgreat.pl\/en\/wp-json\/wp\/v2\/pages\/834","targetHints":{"allow":["GET"]}}],"collection":[{"href":"https:\/\/www.upgreat.pl\/en\/wp-json\/wp\/v2\/pages"}],"about":[{"href":"https:\/\/www.upgreat.pl\/en\/wp-json\/wp\/v2\/types\/page"}],"author":[{"embeddable":true,"href":"https:\/\/www.upgreat.pl\/en\/wp-json\/wp\/v2\/users\/1"}],"replies":[{"embeddable":true,"href":"https:\/\/www.upgreat.pl\/en\/wp-json\/wp\/v2\/comments?post=834"}],"version-history":[{"count":19,"href":"https:\/\/www.upgreat.pl\/en\/wp-json\/wp\/v2\/pages\/834\/revisions"}],"predecessor-version":[{"id":2209,"href":"https:\/\/www.upgreat.pl\/en\/wp-json\/wp\/v2\/pages\/834\/revisions\/2209"}],"up":[{"embeddable":true,"href":"https:\/\/www.upgreat.pl\/en\/wp-json\/wp\/v2\/pages\/544"}],"wp:attachment":[{"href":"https:\/\/www.upgreat.pl\/en\/wp-json\/wp\/v2\/media?parent=834"}],"curies":[{"name":"wp","href":"https:\/\/api.w.org\/{rel}","templated":true}]}}