{"id":836,"date":"2022-04-19T19:43:43","date_gmt":"2022-04-19T19:43:43","guid":{"rendered":"https:\/\/www.upgreat.pl\/?page_id=836"},"modified":"2024-01-30T09:05:16","modified_gmt":"2024-01-30T09:05:16","slug":"backup-i-archiwizacja","status":"publish","type":"page","link":"https:\/\/www.upgreat.pl\/en\/architektura-systemow-it\/backup-i-archiwizacja\/","title":{"rendered":"Backup and archiving"},"content":{"rendered":"<div data-elementor-type=\"wp-page\" data-elementor-id=\"836\" class=\"elementor elementor-836\" data-elementor-post-type=\"page\">\n\t\t\t\t\t\t<section class=\"elementor-section elementor-top-section elementor-element elementor-element-6d2576a elementor-section-boxed elementor-section-height-default elementor-section-height-default\" data-id=\"6d2576a\" data-element_type=\"section\">\n\t\t\t\t\t\t<div class=\"elementor-container elementor-column-gap-default\">\n\t\t\t\t\t<div class=\"elementor-column elementor-col-100 elementor-top-column elementor-element elementor-element-3cf75c6\" data-id=\"3cf75c6\" data-element_type=\"column\">\n\t\t\t<div class=\"elementor-widget-wrap elementor-element-populated\">\n\t\t\t\t\t\t<div class=\"elementor-element elementor-element-43c912b elementor-widget elementor-widget-heading\" data-id=\"43c912b\" data-element_type=\"widget\" data-widget_type=\"heading.default\">\n\t\t\t\t<div class=\"elementor-widget-container\">\n\t\t\t\t\t<h1 class=\"elementor-heading-title elementor-size-default\">Data backup and archiving<\/h1>\t\t\t\t<\/div>\n\t\t\t\t<\/div>\n\t\t\t\t<div class=\"elementor-element elementor-element-d035f6a elementor-widget elementor-widget-breadcrumbs\" data-id=\"d035f6a\" data-element_type=\"widget\" data-widget_type=\"breadcrumbs.default\">\n\t\t\t\t<div class=\"elementor-widget-container\">\n\t\t\t\t\t<p id=\"breadcrumbs\"><span><span><a href=\"https:\/\/www.upgreat.pl\/en\/\">Home<\/a><\/span><\/span><\/p>\t\t\t\t<\/div>\n\t\t\t\t<\/div>\n\t\t\t\t\t<\/div>\n\t\t<\/div>\n\t\t\t\t\t<\/div>\n\t\t<\/section>\n\t\t\t\t<section class=\"elementor-section elementor-top-section elementor-element elementor-element-f6bb74d elementor-section-boxed elementor-section-height-default elementor-section-height-default\" data-id=\"f6bb74d\" data-element_type=\"section\" id=\"tabs-nav\">\n\t\t\t\t\t\t<div class=\"elementor-container elementor-column-gap-default\">\n\t\t\t\t\t<div class=\"elementor-column elementor-col-50 elementor-top-column elementor-element elementor-element-b1a5cdf\" data-id=\"b1a5cdf\" data-element_type=\"column\">\n\t\t\t<div class=\"elementor-widget-wrap elementor-element-populated\">\n\t\t\t\t\t\t<div class=\"elementor-element elementor-element-d085ff9 elementor-widget elementor-widget-heading\" data-id=\"d085ff9\" data-element_type=\"widget\" data-widget_type=\"heading.default\">\n\t\t\t\t<div class=\"elementor-widget-container\">\n\t\t\t\t\t<h3 class=\"elementor-heading-title elementor-size-default\"><a href=\"https:\/\/www.upgreat.pl\/en\/architektura-systemow-it\/\">Architecture of IT Systems<\/a><\/h3>\t\t\t\t<\/div>\n\t\t\t\t<\/div>\n\t\t\t\t<div class=\"elementor-element elementor-element-80faadf elementor-nav-menu--dropdown-none menu-oferta elementor-widget elementor-widget-nav-menu\" data-id=\"80faadf\" data-element_type=\"widget\" data-settings=\"{&quot;layout&quot;:&quot;vertical&quot;,&quot;submenu_icon&quot;:{&quot;value&quot;:&quot;&lt;i class=\\&quot;fas fa-caret-down\\&quot; aria-hidden=\\&quot;true\\&quot;&gt;&lt;\\\/i&gt;&quot;,&quot;library&quot;:&quot;fa-solid&quot;}}\" data-widget_type=\"nav-menu.default\">\n\t\t\t\t<div class=\"elementor-widget-container\">\n\t\t\t\t\t\t\t\t<nav aria-label=\"Menu\" class=\"elementor-nav-menu--main elementor-nav-menu__container elementor-nav-menu--layout-vertical e--pointer-background e--animation-fade\">\n\t\t\t\t<ul id=\"menu-1-80faadf\" class=\"elementor-nav-menu sm-vertical\"><li class=\"menu-item menu-item-type-post_type menu-item-object-page menu-item-786\"><a href=\"https:\/\/www.upgreat.pl\/en\/architektura-systemow-it\/instalacje-niskopradowe\/\" class=\"elementor-item\">Low voltage installations<\/a><\/li>\n<li class=\"menu-item menu-item-type-post_type menu-item-object-page menu-item-852\"><a href=\"https:\/\/www.upgreat.pl\/en\/architektura-systemow-it\/sieci-lan\/\" class=\"elementor-item\">LAN networks<\/a><\/li>\n<li class=\"menu-item menu-item-type-post_type menu-item-object-page menu-item-851\"><a href=\"https:\/\/www.upgreat.pl\/en\/architektura-systemow-it\/sieci-wan\/\" class=\"elementor-item\">WAN networks<\/a><\/li>\n<li class=\"menu-item menu-item-type-post_type menu-item-object-page menu-item-850\"><a href=\"https:\/\/www.upgreat.pl\/en\/architektura-systemow-it\/sieci-wlan\/\" class=\"elementor-item\">WLAN networks<\/a><\/li>\n<li class=\"menu-item menu-item-type-post_type menu-item-object-page menu-item-849\"><a href=\"https:\/\/www.upgreat.pl\/en\/architektura-systemow-it\/budowa-data-center\/\" class=\"elementor-item\">Building a data center<\/a><\/li>\n<li class=\"menu-item menu-item-type-post_type menu-item-object-page menu-item-848\"><a href=\"https:\/\/www.upgreat.pl\/en\/architektura-systemow-it\/backup-i-archiwizacja\/\" class=\"elementor-item\">Backup and archiving<\/a><\/li>\n<li class=\"menu-item menu-item-type-post_type menu-item-object-page menu-item-847\"><a href=\"https:\/\/www.upgreat.pl\/en\/architektura-systemow-it\/systemy-wspolpracy\/\" class=\"elementor-item\">Collaboration systems<\/a><\/li>\n<li class=\"menu-item menu-item-type-post_type menu-item-object-page menu-item-846\"><a href=\"https:\/\/www.upgreat.pl\/en\/architektura-systemow-it\/integracja-danych-i-rozwiazania-business-intelligence\/\" class=\"elementor-item\">Data integration and Business Intelligence solutions<\/a><\/li>\n<\/ul>\t\t\t<\/nav>\n\t\t\t\t\t\t<nav class=\"elementor-nav-menu--dropdown elementor-nav-menu__container\" aria-hidden=\"true\">\n\t\t\t\t<ul id=\"menu-2-80faadf\" class=\"elementor-nav-menu sm-vertical\"><li class=\"menu-item menu-item-type-post_type menu-item-object-page menu-item-786\"><a href=\"https:\/\/www.upgreat.pl\/en\/architektura-systemow-it\/instalacje-niskopradowe\/\" class=\"elementor-item\" tabindex=\"-1\">Low voltage installations<\/a><\/li>\n<li class=\"menu-item menu-item-type-post_type menu-item-object-page menu-item-852\"><a href=\"https:\/\/www.upgreat.pl\/en\/architektura-systemow-it\/sieci-lan\/\" class=\"elementor-item\" tabindex=\"-1\">LAN networks<\/a><\/li>\n<li class=\"menu-item menu-item-type-post_type menu-item-object-page menu-item-851\"><a href=\"https:\/\/www.upgreat.pl\/en\/architektura-systemow-it\/sieci-wan\/\" class=\"elementor-item\" tabindex=\"-1\">WAN networks<\/a><\/li>\n<li class=\"menu-item menu-item-type-post_type menu-item-object-page menu-item-850\"><a href=\"https:\/\/www.upgreat.pl\/en\/architektura-systemow-it\/sieci-wlan\/\" class=\"elementor-item\" tabindex=\"-1\">WLAN networks<\/a><\/li>\n<li class=\"menu-item menu-item-type-post_type menu-item-object-page menu-item-849\"><a href=\"https:\/\/www.upgreat.pl\/en\/architektura-systemow-it\/budowa-data-center\/\" class=\"elementor-item\" tabindex=\"-1\">Building a data center<\/a><\/li>\n<li class=\"menu-item menu-item-type-post_type menu-item-object-page menu-item-848\"><a href=\"https:\/\/www.upgreat.pl\/en\/architektura-systemow-it\/backup-i-archiwizacja\/\" class=\"elementor-item\" tabindex=\"-1\">Backup and archiving<\/a><\/li>\n<li class=\"menu-item menu-item-type-post_type menu-item-object-page menu-item-847\"><a href=\"https:\/\/www.upgreat.pl\/en\/architektura-systemow-it\/systemy-wspolpracy\/\" class=\"elementor-item\" tabindex=\"-1\">Collaboration systems<\/a><\/li>\n<li class=\"menu-item menu-item-type-post_type menu-item-object-page menu-item-846\"><a href=\"https:\/\/www.upgreat.pl\/en\/architektura-systemow-it\/integracja-danych-i-rozwiazania-business-intelligence\/\" class=\"elementor-item\" tabindex=\"-1\">Data integration and Business Intelligence solutions<\/a><\/li>\n<\/ul>\t\t\t<\/nav>\n\t\t\t\t\t\t<\/div>\n\t\t\t\t<\/div>\n\t\t\t\t\t<\/div>\n\t\t<\/div>\n\t\t\t\t<div class=\"elementor-column elementor-col-50 elementor-top-column elementor-element elementor-element-1abc68b\" data-id=\"1abc68b\" data-element_type=\"column\">\n\t\t\t<div class=\"elementor-widget-wrap elementor-element-populated\">\n\t\t\t\t\t\t<section class=\"elementor-section elementor-inner-section elementor-element elementor-element-a1b80cf elementor-section-boxed elementor-section-height-default elementor-section-height-default\" data-id=\"a1b80cf\" data-element_type=\"section\">\n\t\t\t\t\t\t<div class=\"elementor-container elementor-column-gap-default\">\n\t\t\t\t\t<div class=\"elementor-column elementor-col-100 elementor-inner-column elementor-element elementor-element-5e3e54b\" data-id=\"5e3e54b\" data-element_type=\"column\">\n\t\t\t<div class=\"elementor-widget-wrap\">\n\t\t\t\t\t\t\t<\/div>\n\t\t<\/div>\n\t\t\t\t\t<\/div>\n\t\t<\/section>\n\t\t\t\t<div class=\"elementor-element elementor-element-60e6253 elementor-widget elementor-widget-text-editor\" data-id=\"60e6253\" data-element_type=\"widget\" data-widget_type=\"text-editor.default\">\n\t\t\t\t<div class=\"elementor-widget-container\">\n\t\t\t\t\t\t\t\t\t<h2>Business requirements for data archiving<\/h2><p>Backup system administrators face the difficult task of meeting the requirements of a business for which every downtime is a real financial loss. Therefore, it is necessary to maximize the frequency of backup copies in order to minimize the amount of data exposed to loss in the event of a failure. The time interval for the possible recovery of work lost since the last copy (RPO - recovery point objective) is known as WRT (work recovery time). The time needed to restore the data from the last backup copy is defined as RTO (recovery time objective). Both these parameters should be as small as possible and their sum cannot exceed the MTD defined by the business (maximum tolerable downtime).<\/p><h2>Data backup - technological requirements<\/h2><p>The development of mass storage systems and the popularization of virtualization have contributed in recent years to the need to look at the issues of backup and archiving from a new perspective. The most popular model of making backups on magnetic tapes - D2T (disk to tape) is gradually giving way to solutions that require higher efficiency, allowing for copying more and more data in short backup windows. Such possibilities are provided by solutions such as D2D (disk to disk). In order to reconcile the need for quick backup and access to data with simultaneous guarantee of their durability, it is necessary to implement systems connecting the above two models, referred to as D2D2T (disk to disk to tape). In such solutions, quick and frequent backups are made using mechanisms such as snapshots, snapclons, LUN replication, and then the copies created in this way are stored using traditional libraries and disk drives on magnetic tapes.<\/p><p>To facilitate the design, implementation and maintenance of modern, efficient and effective backup systems, UpGreat offers its services in the field of:<\/p><ul><li>selection and delivery of appropriate mass storage systems<\/li><li>design and implementation of SAN networks (FC, iSCSI)<\/li><li>selection and implementation of solutions for data deduplication<\/li><li>developing backup plans based on mechanisms such as snapshot, snapclone, replication<\/li><li>selection and delivery of tape drives and libraries<\/li><li>installation and configuration of backup software (including HP Data Protector, Veeam, Backup Exec, CommVault)<\/li><\/ul>\t\t\t\t\t\t\t\t<\/div>\n\t\t\t\t<\/div>\n\t\t\t\t\t<\/div>\n\t\t<\/div>\n\t\t\t\t\t<\/div>\n\t\t<\/section>\n\t\t\t\t<\/div>","protected":false},"excerpt":{"rendered":"<p>Backup and data archiving IT System Architecture Business requirements for data archiving Backup system administrators face a difficult task of meeting the requirements of business, for which every downtime constitutes real financial losses. It is therefore necessary to strive to maximize the frequency of backup copies in order to minimize the amount of data exposed to loss in the event of a failure. Interval [\u2026]<\/p>","protected":false},"author":1,"featured_media":0,"parent":544,"menu_order":0,"comment_status":"closed","ping_status":"closed","template":"elementor_header_footer","meta":{"footnotes":""},"class_list":["post-836","page","type-page","status-publish","hentry"],"yoast_head":"<!-- This site is optimized with the Yoast SEO plugin v26.3 - https:\/\/yoast.com\/wordpress\/plugins\/seo\/ -->\n<title>Archiwizacja danych w firmie, backup danych, sieci SAN | UpGreat.pl \u2013 profesjonalne us\u0142ugi informatyczne<\/title>\n<meta name=\"description\" content=\"Zapewniamy bezpieczne i niezawodne rozwi\u0105zania dla ochrony i d\u0142ugoterminowego przechowywania Twoich danych. Spok\u00f3j i dost\u0119pno\u015b\u0107 informacji oraz zarz\u0105dzanie w jednym miejscu\" \/>\n<meta name=\"robots\" content=\"index, follow, max-snippet:-1, max-image-preview:large, max-video-preview:-1\" \/>\n<link rel=\"canonical\" href=\"https:\/\/www.upgreat.pl\/en\/architektura-systemow-it\/backup-i-archiwizacja\/\" \/>\n<meta property=\"og:locale\" content=\"en_US\" \/>\n<meta property=\"og:type\" content=\"article\" \/>\n<meta property=\"og:title\" content=\"Archiwizacja danych w firmie, backup danych, sieci SAN | UpGreat.pl \u2013 profesjonalne us\u0142ugi informatyczne\" \/>\n<meta property=\"og:description\" content=\"Zapewniamy bezpieczne i niezawodne rozwi\u0105zania dla ochrony i d\u0142ugoterminowego przechowywania Twoich danych. Spok\u00f3j i dost\u0119pno\u015b\u0107 informacji oraz zarz\u0105dzanie w jednym miejscu\" \/>\n<meta property=\"og:url\" content=\"https:\/\/www.upgreat.pl\/en\/architektura-systemow-it\/backup-i-archiwizacja\/\" \/>\n<meta property=\"og:site_name\" content=\"Upgreat\" \/>\n<meta property=\"article:modified_time\" content=\"2024-01-30T09:05:16+00:00\" \/>\n<meta name=\"twitter:card\" content=\"summary_large_image\" \/>\n<meta name=\"twitter:label1\" content=\"Est. reading time\" \/>\n\t<meta name=\"twitter:data1\" content=\"3 minutes\" \/>\n<script type=\"application\/ld+json\" class=\"yoast-schema-graph\">{\"@context\":\"https:\/\/schema.org\",\"@graph\":[{\"@type\":\"WebPage\",\"@id\":\"https:\/\/www.upgreat.pl\/architektura-systemow-it\/backup-i-archiwizacja\/\",\"url\":\"https:\/\/www.upgreat.pl\/architektura-systemow-it\/backup-i-archiwizacja\/\",\"name\":\"Archiwizacja danych w firmie, backup danych, sieci SAN | UpGreat.pl \u2013 profesjonalne us\u0142ugi informatyczne\",\"isPartOf\":{\"@id\":\"https:\/\/www.upgreat.pl\/#website\"},\"datePublished\":\"2022-04-19T19:43:43+00:00\",\"dateModified\":\"2024-01-30T09:05:16+00:00\",\"description\":\"Zapewniamy bezpieczne i niezawodne rozwi\u0105zania dla ochrony i d\u0142ugoterminowego przechowywania Twoich danych. Spok\u00f3j i dost\u0119pno\u015b\u0107 informacji oraz zarz\u0105dzanie w jednym miejscu\",\"breadcrumb\":{\"@id\":\"https:\/\/www.upgreat.pl\/architektura-systemow-it\/backup-i-archiwizacja\/#breadcrumb\"},\"inLanguage\":\"en-US\",\"potentialAction\":[{\"@type\":\"ReadAction\",\"target\":[\"https:\/\/www.upgreat.pl\/architektura-systemow-it\/backup-i-archiwizacja\/\"]}]},{\"@type\":\"BreadcrumbList\",\"@id\":\"https:\/\/www.upgreat.pl\/architektura-systemow-it\/backup-i-archiwizacja\/#breadcrumb\",\"itemListElement\":[{\"@type\":\"ListItem\",\"position\":1,\"name\":\"Strona g\u0142\u00f3wna\",\"item\":\"https:\/\/www.upgreat.pl\/\"},{\"@type\":\"ListItem\",\"position\":2,\"name\":\"Architektura system\u00f3w IT\",\"item\":\"https:\/\/www.upgreat.pl\/architektura-systemow-it\/\"},{\"@type\":\"ListItem\",\"position\":3,\"name\":\"Backup i archiwizacja\"}]},{\"@type\":\"WebSite\",\"@id\":\"https:\/\/www.upgreat.pl\/#website\",\"url\":\"https:\/\/www.upgreat.pl\/\",\"name\":\"Upgreat\",\"description\":\"Bezpiecze\u0144stwo system\u00f3w IT, Outsourcing IT, Architektura system\u00f3w IT\",\"publisher\":{\"@id\":\"https:\/\/www.upgreat.pl\/#organization\"},\"potentialAction\":[{\"@type\":\"SearchAction\",\"target\":{\"@type\":\"EntryPoint\",\"urlTemplate\":\"https:\/\/www.upgreat.pl\/?s={search_term_string}\"},\"query-input\":{\"@type\":\"PropertyValueSpecification\",\"valueRequired\":true,\"valueName\":\"search_term_string\"}}],\"inLanguage\":\"en-US\"},{\"@type\":\"Organization\",\"@id\":\"https:\/\/www.upgreat.pl\/#organization\",\"name\":\"UpGreat.pl \u2013 profesjonalne us\u0142ugi informatyczne\",\"url\":\"https:\/\/www.upgreat.pl\/\",\"logo\":{\"@type\":\"ImageObject\",\"inLanguage\":\"en-US\",\"@id\":\"https:\/\/www.upgreat.pl\/#\/schema\/logo\/image\/\",\"url\":\"https:\/\/www.upgreat.pl\/wp-content\/uploads\/2022\/04\/UpGreat_CI.svg\",\"contentUrl\":\"https:\/\/www.upgreat.pl\/wp-content\/uploads\/2022\/04\/UpGreat_CI.svg\",\"width\":600,\"height\":220,\"caption\":\"UpGreat.pl \u2013 profesjonalne us\u0142ugi informatyczne\"},\"image\":{\"@id\":\"https:\/\/www.upgreat.pl\/#\/schema\/logo\/image\/\"}}]}<\/script>\n<!-- \/ Yoast SEO plugin. -->","yoast_head_json":{"title":"Company data archiving, data backup, SAN networks | UpGreat.pl \u2013 professional IT services","description":"We provide secure and reliable solutions for protecting and storing your data long-term. Peace of mind, information accessibility, and management are all in one place.","robots":{"index":"index","follow":"follow","max-snippet":"max-snippet:-1","max-image-preview":"max-image-preview:large","max-video-preview":"max-video-preview:-1"},"canonical":"https:\/\/www.upgreat.pl\/en\/architektura-systemow-it\/backup-i-archiwizacja\/","og_locale":"en_US","og_type":"article","og_title":"Archiwizacja danych w firmie, backup danych, sieci SAN | UpGreat.pl \u2013 profesjonalne us\u0142ugi informatyczne","og_description":"Zapewniamy bezpieczne i niezawodne rozwi\u0105zania dla ochrony i d\u0142ugoterminowego przechowywania Twoich danych. Spok\u00f3j i dost\u0119pno\u015b\u0107 informacji oraz zarz\u0105dzanie w jednym miejscu","og_url":"https:\/\/www.upgreat.pl\/en\/architektura-systemow-it\/backup-i-archiwizacja\/","og_site_name":"Upgreat","article_modified_time":"2024-01-30T09:05:16+00:00","twitter_card":"summary_large_image","twitter_misc":{"Est. reading time":"3 minutes"},"schema":{"@context":"https:\/\/schema.org","@graph":[{"@type":"WebPage","@id":"https:\/\/www.upgreat.pl\/architektura-systemow-it\/backup-i-archiwizacja\/","url":"https:\/\/www.upgreat.pl\/architektura-systemow-it\/backup-i-archiwizacja\/","name":"Company data archiving, data backup, SAN networks | UpGreat.pl \u2013 professional IT services","isPartOf":{"@id":"https:\/\/www.upgreat.pl\/#website"},"datePublished":"2022-04-19T19:43:43+00:00","dateModified":"2024-01-30T09:05:16+00:00","description":"We provide secure and reliable solutions for protecting and storing your data long-term. Peace of mind, information accessibility, and management are all in one place.","breadcrumb":{"@id":"https:\/\/www.upgreat.pl\/architektura-systemow-it\/backup-i-archiwizacja\/#breadcrumb"},"inLanguage":"en-US","potentialAction":[{"@type":"ReadAction","target":["https:\/\/www.upgreat.pl\/architektura-systemow-it\/backup-i-archiwizacja\/"]}]},{"@type":"BreadcrumbList","@id":"https:\/\/www.upgreat.pl\/architektura-systemow-it\/backup-i-archiwizacja\/#breadcrumb","itemListElement":[{"@type":"ListItem","position":1,"name":"Strona g\u0142\u00f3wna","item":"https:\/\/www.upgreat.pl\/"},{"@type":"ListItem","position":2,"name":"Architektura system\u00f3w IT","item":"https:\/\/www.upgreat.pl\/architektura-systemow-it\/"},{"@type":"ListItem","position":3,"name":"Backup i archiwizacja"}]},{"@type":"WebSite","@id":"https:\/\/www.upgreat.pl\/#website","url":"https:\/\/www.upgreat.pl\/","name":"Upgreat","description":"Security of IT systems, IT Outsourcing, Architecture of IT systems","publisher":{"@id":"https:\/\/www.upgreat.pl\/#organization"},"potentialAction":[{"@type":"SearchAction","target":{"@type":"EntryPoint","urlTemplate":"https:\/\/www.upgreat.pl\/?s={search_term_string}"},"query-input":{"@type":"PropertyValueSpecification","valueRequired":true,"valueName":"search_term_string"}}],"inLanguage":"en-US"},{"@type":"Organization","@id":"https:\/\/www.upgreat.pl\/#organization","name":"UpGreat.pl \u2013 professional IT services","url":"https:\/\/www.upgreat.pl\/","logo":{"@type":"ImageObject","inLanguage":"en-US","@id":"https:\/\/www.upgreat.pl\/#\/schema\/logo\/image\/","url":"https:\/\/www.upgreat.pl\/wp-content\/uploads\/2022\/04\/UpGreat_CI.svg","contentUrl":"https:\/\/www.upgreat.pl\/wp-content\/uploads\/2022\/04\/UpGreat_CI.svg","width":600,"height":220,"caption":"UpGreat.pl \u2013 profesjonalne us\u0142ugi informatyczne"},"image":{"@id":"https:\/\/www.upgreat.pl\/#\/schema\/logo\/image\/"}}]}},"_links":{"self":[{"href":"https:\/\/www.upgreat.pl\/en\/wp-json\/wp\/v2\/pages\/836","targetHints":{"allow":["GET"]}}],"collection":[{"href":"https:\/\/www.upgreat.pl\/en\/wp-json\/wp\/v2\/pages"}],"about":[{"href":"https:\/\/www.upgreat.pl\/en\/wp-json\/wp\/v2\/types\/page"}],"author":[{"embeddable":true,"href":"https:\/\/www.upgreat.pl\/en\/wp-json\/wp\/v2\/users\/1"}],"replies":[{"embeddable":true,"href":"https:\/\/www.upgreat.pl\/en\/wp-json\/wp\/v2\/comments?post=836"}],"version-history":[{"count":18,"href":"https:\/\/www.upgreat.pl\/en\/wp-json\/wp\/v2\/pages\/836\/revisions"}],"predecessor-version":[{"id":2121,"href":"https:\/\/www.upgreat.pl\/en\/wp-json\/wp\/v2\/pages\/836\/revisions\/2121"}],"up":[{"embeddable":true,"href":"https:\/\/www.upgreat.pl\/en\/wp-json\/wp\/v2\/pages\/544"}],"wp:attachment":[{"href":"https:\/\/www.upgreat.pl\/en\/wp-json\/wp\/v2\/media?parent=836"}],"curies":[{"name":"wp","href":"https:\/\/api.w.org\/{rel}","templated":true}]}}