{"id":837,"date":"2022-04-19T19:43:46","date_gmt":"2022-04-19T19:43:46","guid":{"rendered":"https:\/\/www.upgreat.pl\/?page_id=837"},"modified":"2023-06-01T11:14:04","modified_gmt":"2023-06-01T11:14:04","slug":"systemy-wspolpracy","status":"publish","type":"page","link":"https:\/\/www.upgreat.pl\/en\/architektura-systemow-it\/systemy-wspolpracy\/","title":{"rendered":"Collaboration systems"},"content":{"rendered":"<div data-elementor-type=\"wp-page\" data-elementor-id=\"837\" class=\"elementor elementor-837\" data-elementor-post-type=\"page\">\n\t\t\t\t\t\t<section class=\"elementor-section elementor-top-section elementor-element elementor-element-6d2576a elementor-section-boxed elementor-section-height-default elementor-section-height-default\" data-id=\"6d2576a\" data-element_type=\"section\">\n\t\t\t\t\t\t<div class=\"elementor-container elementor-column-gap-default\">\n\t\t\t\t\t<div class=\"elementor-column elementor-col-100 elementor-top-column elementor-element elementor-element-3cf75c6\" data-id=\"3cf75c6\" data-element_type=\"column\">\n\t\t\t<div class=\"elementor-widget-wrap elementor-element-populated\">\n\t\t\t\t\t\t<div class=\"elementor-element elementor-element-43c912b elementor-widget elementor-widget-heading\" data-id=\"43c912b\" data-element_type=\"widget\" data-widget_type=\"heading.default\">\n\t\t\t\t<div class=\"elementor-widget-container\">\n\t\t\t\t\t<h1 class=\"elementor-heading-title elementor-size-default\">Collaboration systems<\/h1>\t\t\t\t<\/div>\n\t\t\t\t<\/div>\n\t\t\t\t<div class=\"elementor-element elementor-element-d035f6a elementor-widget elementor-widget-breadcrumbs\" data-id=\"d035f6a\" data-element_type=\"widget\" data-widget_type=\"breadcrumbs.default\">\n\t\t\t\t<div class=\"elementor-widget-container\">\n\t\t\t\t\t<p id=\"breadcrumbs\"><span><span><a href=\"https:\/\/www.upgreat.pl\/en\/\">Home<\/a><\/span><\/span><\/p>\t\t\t\t<\/div>\n\t\t\t\t<\/div>\n\t\t\t\t\t<\/div>\n\t\t<\/div>\n\t\t\t\t\t<\/div>\n\t\t<\/section>\n\t\t\t\t<section class=\"elementor-section elementor-top-section elementor-element elementor-element-f6bb74d elementor-section-boxed elementor-section-height-default elementor-section-height-default\" data-id=\"f6bb74d\" data-element_type=\"section\" id=\"tabs-nav\">\n\t\t\t\t\t\t<div class=\"elementor-container elementor-column-gap-default\">\n\t\t\t\t\t<div class=\"elementor-column elementor-col-50 elementor-top-column elementor-element elementor-element-b1a5cdf\" data-id=\"b1a5cdf\" data-element_type=\"column\">\n\t\t\t<div class=\"elementor-widget-wrap elementor-element-populated\">\n\t\t\t\t\t\t<div class=\"elementor-element elementor-element-d085ff9 elementor-widget elementor-widget-heading\" data-id=\"d085ff9\" data-element_type=\"widget\" data-widget_type=\"heading.default\">\n\t\t\t\t<div class=\"elementor-widget-container\">\n\t\t\t\t\t<h3 class=\"elementor-heading-title elementor-size-default\"><a href=\"https:\/\/www.upgreat.pl\/en\/architektura-systemow-it\/\">Architecture of IT Systems<\/a><\/h3>\t\t\t\t<\/div>\n\t\t\t\t<\/div>\n\t\t\t\t<div class=\"elementor-element elementor-element-80faadf elementor-nav-menu--dropdown-none menu-oferta elementor-widget elementor-widget-nav-menu\" data-id=\"80faadf\" data-element_type=\"widget\" data-settings=\"{&quot;layout&quot;:&quot;vertical&quot;,&quot;submenu_icon&quot;:{&quot;value&quot;:&quot;&lt;i class=\\&quot;fas fa-caret-down\\&quot; aria-hidden=\\&quot;true\\&quot;&gt;&lt;\\\/i&gt;&quot;,&quot;library&quot;:&quot;fa-solid&quot;}}\" data-widget_type=\"nav-menu.default\">\n\t\t\t\t<div class=\"elementor-widget-container\">\n\t\t\t\t\t\t\t\t<nav aria-label=\"Menu\" class=\"elementor-nav-menu--main elementor-nav-menu__container elementor-nav-menu--layout-vertical e--pointer-background e--animation-fade\">\n\t\t\t\t<ul id=\"menu-1-80faadf\" class=\"elementor-nav-menu sm-vertical\"><li class=\"menu-item menu-item-type-post_type menu-item-object-page menu-item-786\"><a href=\"https:\/\/www.upgreat.pl\/en\/architektura-systemow-it\/instalacje-niskopradowe\/\" class=\"elementor-item\">Low voltage installations<\/a><\/li>\n<li class=\"menu-item menu-item-type-post_type menu-item-object-page menu-item-852\"><a href=\"https:\/\/www.upgreat.pl\/en\/architektura-systemow-it\/sieci-lan\/\" class=\"elementor-item\">LAN networks<\/a><\/li>\n<li class=\"menu-item menu-item-type-post_type menu-item-object-page menu-item-851\"><a href=\"https:\/\/www.upgreat.pl\/en\/architektura-systemow-it\/sieci-wan\/\" class=\"elementor-item\">WAN networks<\/a><\/li>\n<li class=\"menu-item menu-item-type-post_type menu-item-object-page menu-item-850\"><a href=\"https:\/\/www.upgreat.pl\/en\/architektura-systemow-it\/sieci-wlan\/\" class=\"elementor-item\">WLAN networks<\/a><\/li>\n<li class=\"menu-item menu-item-type-post_type menu-item-object-page menu-item-849\"><a href=\"https:\/\/www.upgreat.pl\/en\/architektura-systemow-it\/budowa-data-center\/\" class=\"elementor-item\">Building a data center<\/a><\/li>\n<li class=\"menu-item menu-item-type-post_type menu-item-object-page menu-item-848\"><a href=\"https:\/\/www.upgreat.pl\/en\/architektura-systemow-it\/backup-i-archiwizacja\/\" class=\"elementor-item\">Backup and archiving<\/a><\/li>\n<li class=\"menu-item menu-item-type-post_type menu-item-object-page menu-item-847\"><a href=\"https:\/\/www.upgreat.pl\/en\/architektura-systemow-it\/systemy-wspolpracy\/\" class=\"elementor-item\">Collaboration systems<\/a><\/li>\n<li class=\"menu-item menu-item-type-post_type menu-item-object-page menu-item-846\"><a href=\"https:\/\/www.upgreat.pl\/en\/architektura-systemow-it\/integracja-danych-i-rozwiazania-business-intelligence\/\" class=\"elementor-item\">Data integration and Business Intelligence solutions<\/a><\/li>\n<\/ul>\t\t\t<\/nav>\n\t\t\t\t\t\t<nav class=\"elementor-nav-menu--dropdown elementor-nav-menu__container\" aria-hidden=\"true\">\n\t\t\t\t<ul id=\"menu-2-80faadf\" class=\"elementor-nav-menu sm-vertical\"><li class=\"menu-item menu-item-type-post_type menu-item-object-page menu-item-786\"><a href=\"https:\/\/www.upgreat.pl\/en\/architektura-systemow-it\/instalacje-niskopradowe\/\" class=\"elementor-item\" tabindex=\"-1\">Low voltage installations<\/a><\/li>\n<li class=\"menu-item menu-item-type-post_type menu-item-object-page menu-item-852\"><a href=\"https:\/\/www.upgreat.pl\/en\/architektura-systemow-it\/sieci-lan\/\" class=\"elementor-item\" tabindex=\"-1\">LAN networks<\/a><\/li>\n<li class=\"menu-item menu-item-type-post_type menu-item-object-page menu-item-851\"><a href=\"https:\/\/www.upgreat.pl\/en\/architektura-systemow-it\/sieci-wan\/\" class=\"elementor-item\" tabindex=\"-1\">WAN networks<\/a><\/li>\n<li class=\"menu-item menu-item-type-post_type menu-item-object-page menu-item-850\"><a href=\"https:\/\/www.upgreat.pl\/en\/architektura-systemow-it\/sieci-wlan\/\" class=\"elementor-item\" tabindex=\"-1\">WLAN networks<\/a><\/li>\n<li class=\"menu-item menu-item-type-post_type menu-item-object-page menu-item-849\"><a href=\"https:\/\/www.upgreat.pl\/en\/architektura-systemow-it\/budowa-data-center\/\" class=\"elementor-item\" tabindex=\"-1\">Building a data center<\/a><\/li>\n<li class=\"menu-item menu-item-type-post_type menu-item-object-page menu-item-848\"><a href=\"https:\/\/www.upgreat.pl\/en\/architektura-systemow-it\/backup-i-archiwizacja\/\" class=\"elementor-item\" tabindex=\"-1\">Backup and archiving<\/a><\/li>\n<li class=\"menu-item menu-item-type-post_type menu-item-object-page menu-item-847\"><a href=\"https:\/\/www.upgreat.pl\/en\/architektura-systemow-it\/systemy-wspolpracy\/\" class=\"elementor-item\" tabindex=\"-1\">Collaboration systems<\/a><\/li>\n<li class=\"menu-item menu-item-type-post_type menu-item-object-page menu-item-846\"><a href=\"https:\/\/www.upgreat.pl\/en\/architektura-systemow-it\/integracja-danych-i-rozwiazania-business-intelligence\/\" class=\"elementor-item\" tabindex=\"-1\">Data integration and Business Intelligence solutions<\/a><\/li>\n<\/ul>\t\t\t<\/nav>\n\t\t\t\t\t\t<\/div>\n\t\t\t\t<\/div>\n\t\t\t\t\t<\/div>\n\t\t<\/div>\n\t\t\t\t<div class=\"elementor-column elementor-col-50 elementor-top-column elementor-element elementor-element-1abc68b\" data-id=\"1abc68b\" data-element_type=\"column\">\n\t\t\t<div class=\"elementor-widget-wrap elementor-element-populated\">\n\t\t\t\t\t\t<section class=\"elementor-section elementor-inner-section elementor-element elementor-element-4658ab9 elementor-section-boxed elementor-section-height-default elementor-section-height-default\" data-id=\"4658ab9\" data-element_type=\"section\">\n\t\t\t\t\t\t<div class=\"elementor-container elementor-column-gap-default\">\n\t\t\t\t\t<div class=\"elementor-column elementor-col-100 elementor-inner-column elementor-element elementor-element-f0b46cb\" data-id=\"f0b46cb\" data-element_type=\"column\">\n\t\t\t<div class=\"elementor-widget-wrap elementor-element-populated\">\n\t\t\t\t\t\t<div class=\"elementor-element elementor-element-6f2d91b elementor-widget elementor-widget-text-editor\" data-id=\"6f2d91b\" data-element_type=\"widget\" data-widget_type=\"text-editor.default\">\n\t\t\t\t<div class=\"elementor-widget-container\">\n\t\t\t\t\t\t\t\t\t<p>Each enterprise realizes business processes by carrying out its activity. Depending on the type of activity and organizational structure, the existence of business processes is more or less aware, but in general terms, they all position themselves in the area between structured processes and unstructured processes.<\/p><p>A structured process is one whose course can be planned before its implementation and then the process itself can be performed repeatedly in the same way. We are able to precisely define what stages are part of the process, what are the dependencies and conditions of transition between them, who carries out each stage of the process and what resources are needed for its implementation. The above also shows that at the level of IT systems it is possible to plan what data and applications will be necessary for implementation.<\/p><p>Unstructured processes are the complete opposite - in their case, we can only determine the end result of the process. We do not know what activities the process will consist of, who will implement it and what resources will be necessary. Specific activities and required resources are defined already during the process by its participants, often as a result of just acquired experience. In principle, it can be said that each instance of an unstructured process can be different.<\/p><p>In the real world, semi-structured processes are the most common. It happens that certain parts of unstructured processes (sub-processes) are structured processes or vice versa. An enterprise may have many business processes, some of which may be supported with the use of IT tools. However, taking into account the variety and the degree of structuring of the processes, an appropriate range of IT tools is required. On the one hand, repetitive processes occurring in banks or administration will require packages such as IBM Workflow, IBM Domino or Microsoft Sharepoint Server allowing for graphic design of workflows, on the other hand, in companies such as graphic studios, law firms or design offices, it is necessary to use solutions, which will not restrict the creativity of employees.<\/p><p>In organizations implementing unstructured ad-hoc processes, the condition of efficient operation is the ability to organize users into project groups and the availability of flexible tools such as an efficient teamwork system such as IBM Domino or Microsoft Exchange, direct communication software such as IBM Sametime or Microsoft Lync.<\/p><p>Recently, Social Business-class software has been gaining more and more use, which improves communication within the enterprise by means of tools that enable searching for content and competences, grouping employees and content, creating blogs and wikis, tagging information and subscribing to notifications about new documents and changes. An additional functional extension may be activity streams supporting project management. Tools supporting social business include, among others, IBM Connections, Jive Software products, Drupal Commons, Microsoft Sharepoint.<\/p><p>A characteristic feature of modern collaboration systems is their availability on many system platforms and mobile devices.<\/p><p>Our company has made a number of implementations of cooperation systems, the common feature of which is an individual architecture tailored to the needs of the client&#039;s organization. Our achievements include group work systems supporting e-mail communication as well as time and task management, direct communication systems supporting electronic meetings with audio \/ video communication and workflow class applications regulating workflow within business processes. As part of our implementation methodology, we adhere to the principle of providing customers with measurable business benefits in the shortest possible time. Therefore, we assume the quick launch of a number of micro-applications that improve the implementation of processes and undergo continuous improvement in line with the growing needs of customers.<\/p>\t\t\t\t\t\t\t\t<\/div>\n\t\t\t\t<\/div>\n\t\t\t\t\t<\/div>\n\t\t<\/div>\n\t\t\t\t\t<\/div>\n\t\t<\/section>\n\t\t\t\t\t<\/div>\n\t\t<\/div>\n\t\t\t\t\t<\/div>\n\t\t<\/section>\n\t\t\t\t<\/div>","protected":false},"excerpt":{"rendered":"<p>Collaboration systems Architecture of IT systems Each enterprise, while performing its activity, implements business processes. Depending on the type of activity and organizational structure, the existence of business processes is more or less conscious, but in general terms, they are all positioned in the area between structured processes and unstructured processes. A structured process is one that can be planned [...]<\/p>","protected":false},"author":1,"featured_media":0,"parent":544,"menu_order":0,"comment_status":"closed","ping_status":"closed","template":"elementor_header_footer","meta":{"footnotes":""},"class_list":["post-837","page","type-page","status-publish","hentry"],"yoast_head":"<!-- This site is optimized with the Yoast SEO plugin v26.3 - https:\/\/yoast.com\/wordpress\/plugins\/seo\/ -->\n<title>Systemy wsp\u00f3\u0142pracy | Upgreat<\/title>\n<meta name=\"description\" content=\"Dostarczamy skuteczne narz\u0119dzia i rozwi\u0105zania, kt\u00f3re umo\u017cliwiaj\u0105 p\u0142ynn\u0105 komunikacj\u0119 i efektywn\u0105 wsp\u00f3\u0142prac\u0119 w zespole. Zwi\u0119ksz produktywno\u015b\u0107 i osi\u0105gnij lepsze rezultaty!\" \/>\n<meta name=\"robots\" content=\"index, follow, max-snippet:-1, max-image-preview:large, max-video-preview:-1\" \/>\n<link rel=\"canonical\" href=\"https:\/\/www.upgreat.pl\/en\/architektura-systemow-it\/systemy-wspolpracy\/\" \/>\n<meta property=\"og:locale\" content=\"en_US\" \/>\n<meta property=\"og:type\" content=\"article\" \/>\n<meta property=\"og:title\" content=\"Systemy wsp\u00f3\u0142pracy | Upgreat\" \/>\n<meta property=\"og:description\" content=\"Dostarczamy skuteczne narz\u0119dzia i rozwi\u0105zania, kt\u00f3re umo\u017cliwiaj\u0105 p\u0142ynn\u0105 komunikacj\u0119 i efektywn\u0105 wsp\u00f3\u0142prac\u0119 w zespole. Zwi\u0119ksz produktywno\u015b\u0107 i osi\u0105gnij lepsze rezultaty!\" \/>\n<meta property=\"og:url\" content=\"https:\/\/www.upgreat.pl\/en\/architektura-systemow-it\/systemy-wspolpracy\/\" \/>\n<meta property=\"og:site_name\" content=\"Upgreat\" \/>\n<meta property=\"article:modified_time\" content=\"2023-06-01T11:14:04+00:00\" \/>\n<meta name=\"twitter:card\" content=\"summary_large_image\" \/>\n<meta name=\"twitter:label1\" content=\"Est. reading time\" \/>\n\t<meta name=\"twitter:data1\" content=\"4 minutes\" \/>\n<script type=\"application\/ld+json\" class=\"yoast-schema-graph\">{\"@context\":\"https:\/\/schema.org\",\"@graph\":[{\"@type\":\"WebPage\",\"@id\":\"https:\/\/www.upgreat.pl\/architektura-systemow-it\/systemy-wspolpracy\/\",\"url\":\"https:\/\/www.upgreat.pl\/architektura-systemow-it\/systemy-wspolpracy\/\",\"name\":\"Systemy wsp\u00f3\u0142pracy | Upgreat\",\"isPartOf\":{\"@id\":\"https:\/\/www.upgreat.pl\/#website\"},\"datePublished\":\"2022-04-19T19:43:46+00:00\",\"dateModified\":\"2023-06-01T11:14:04+00:00\",\"description\":\"Dostarczamy skuteczne narz\u0119dzia i rozwi\u0105zania, kt\u00f3re umo\u017cliwiaj\u0105 p\u0142ynn\u0105 komunikacj\u0119 i efektywn\u0105 wsp\u00f3\u0142prac\u0119 w zespole. Zwi\u0119ksz produktywno\u015b\u0107 i osi\u0105gnij lepsze rezultaty!\",\"breadcrumb\":{\"@id\":\"https:\/\/www.upgreat.pl\/architektura-systemow-it\/systemy-wspolpracy\/#breadcrumb\"},\"inLanguage\":\"en-US\",\"potentialAction\":[{\"@type\":\"ReadAction\",\"target\":[\"https:\/\/www.upgreat.pl\/architektura-systemow-it\/systemy-wspolpracy\/\"]}]},{\"@type\":\"BreadcrumbList\",\"@id\":\"https:\/\/www.upgreat.pl\/architektura-systemow-it\/systemy-wspolpracy\/#breadcrumb\",\"itemListElement\":[{\"@type\":\"ListItem\",\"position\":1,\"name\":\"Strona g\u0142\u00f3wna\",\"item\":\"https:\/\/www.upgreat.pl\/\"},{\"@type\":\"ListItem\",\"position\":2,\"name\":\"Architektura system\u00f3w IT\",\"item\":\"https:\/\/www.upgreat.pl\/architektura-systemow-it\/\"},{\"@type\":\"ListItem\",\"position\":3,\"name\":\"Systemy wsp\u00f3\u0142pracy\"}]},{\"@type\":\"WebSite\",\"@id\":\"https:\/\/www.upgreat.pl\/#website\",\"url\":\"https:\/\/www.upgreat.pl\/\",\"name\":\"Upgreat\",\"description\":\"Bezpiecze\u0144stwo system\u00f3w IT, Outsourcing IT, Architektura system\u00f3w IT\",\"publisher\":{\"@id\":\"https:\/\/www.upgreat.pl\/#organization\"},\"potentialAction\":[{\"@type\":\"SearchAction\",\"target\":{\"@type\":\"EntryPoint\",\"urlTemplate\":\"https:\/\/www.upgreat.pl\/?s={search_term_string}\"},\"query-input\":{\"@type\":\"PropertyValueSpecification\",\"valueRequired\":true,\"valueName\":\"search_term_string\"}}],\"inLanguage\":\"en-US\"},{\"@type\":\"Organization\",\"@id\":\"https:\/\/www.upgreat.pl\/#organization\",\"name\":\"UpGreat.pl \u2013 profesjonalne us\u0142ugi informatyczne\",\"url\":\"https:\/\/www.upgreat.pl\/\",\"logo\":{\"@type\":\"ImageObject\",\"inLanguage\":\"en-US\",\"@id\":\"https:\/\/www.upgreat.pl\/#\/schema\/logo\/image\/\",\"url\":\"https:\/\/www.upgreat.pl\/wp-content\/uploads\/2022\/04\/UpGreat_CI.svg\",\"contentUrl\":\"https:\/\/www.upgreat.pl\/wp-content\/uploads\/2022\/04\/UpGreat_CI.svg\",\"width\":600,\"height\":220,\"caption\":\"UpGreat.pl \u2013 profesjonalne us\u0142ugi informatyczne\"},\"image\":{\"@id\":\"https:\/\/www.upgreat.pl\/#\/schema\/logo\/image\/\"}}]}<\/script>\n<!-- \/ Yoast SEO plugin. -->","yoast_head_json":{"title":"Collaboration Systems | Upgreat","description":"We provide effective tools and solutions that enable seamless communication and effective team collaboration. Increase productivity and achieve better results!","robots":{"index":"index","follow":"follow","max-snippet":"max-snippet:-1","max-image-preview":"max-image-preview:large","max-video-preview":"max-video-preview:-1"},"canonical":"https:\/\/www.upgreat.pl\/en\/architektura-systemow-it\/systemy-wspolpracy\/","og_locale":"en_US","og_type":"article","og_title":"Systemy wsp\u00f3\u0142pracy | Upgreat","og_description":"Dostarczamy skuteczne narz\u0119dzia i rozwi\u0105zania, kt\u00f3re umo\u017cliwiaj\u0105 p\u0142ynn\u0105 komunikacj\u0119 i efektywn\u0105 wsp\u00f3\u0142prac\u0119 w zespole. Zwi\u0119ksz produktywno\u015b\u0107 i osi\u0105gnij lepsze rezultaty!","og_url":"https:\/\/www.upgreat.pl\/en\/architektura-systemow-it\/systemy-wspolpracy\/","og_site_name":"Upgreat","article_modified_time":"2023-06-01T11:14:04+00:00","twitter_card":"summary_large_image","twitter_misc":{"Est. reading time":"4 minutes"},"schema":{"@context":"https:\/\/schema.org","@graph":[{"@type":"WebPage","@id":"https:\/\/www.upgreat.pl\/architektura-systemow-it\/systemy-wspolpracy\/","url":"https:\/\/www.upgreat.pl\/architektura-systemow-it\/systemy-wspolpracy\/","name":"Collaboration Systems | Upgreat","isPartOf":{"@id":"https:\/\/www.upgreat.pl\/#website"},"datePublished":"2022-04-19T19:43:46+00:00","dateModified":"2023-06-01T11:14:04+00:00","description":"We provide effective tools and solutions that enable seamless communication and effective team collaboration. Increase productivity and achieve better results!","breadcrumb":{"@id":"https:\/\/www.upgreat.pl\/architektura-systemow-it\/systemy-wspolpracy\/#breadcrumb"},"inLanguage":"en-US","potentialAction":[{"@type":"ReadAction","target":["https:\/\/www.upgreat.pl\/architektura-systemow-it\/systemy-wspolpracy\/"]}]},{"@type":"BreadcrumbList","@id":"https:\/\/www.upgreat.pl\/architektura-systemow-it\/systemy-wspolpracy\/#breadcrumb","itemListElement":[{"@type":"ListItem","position":1,"name":"Strona g\u0142\u00f3wna","item":"https:\/\/www.upgreat.pl\/"},{"@type":"ListItem","position":2,"name":"Architektura system\u00f3w IT","item":"https:\/\/www.upgreat.pl\/architektura-systemow-it\/"},{"@type":"ListItem","position":3,"name":"Systemy wsp\u00f3\u0142pracy"}]},{"@type":"WebSite","@id":"https:\/\/www.upgreat.pl\/#website","url":"https:\/\/www.upgreat.pl\/","name":"Upgreat","description":"Security of IT systems, IT Outsourcing, Architecture of IT systems","publisher":{"@id":"https:\/\/www.upgreat.pl\/#organization"},"potentialAction":[{"@type":"SearchAction","target":{"@type":"EntryPoint","urlTemplate":"https:\/\/www.upgreat.pl\/?s={search_term_string}"},"query-input":{"@type":"PropertyValueSpecification","valueRequired":true,"valueName":"search_term_string"}}],"inLanguage":"en-US"},{"@type":"Organization","@id":"https:\/\/www.upgreat.pl\/#organization","name":"UpGreat.pl \u2013 professional IT services","url":"https:\/\/www.upgreat.pl\/","logo":{"@type":"ImageObject","inLanguage":"en-US","@id":"https:\/\/www.upgreat.pl\/#\/schema\/logo\/image\/","url":"https:\/\/www.upgreat.pl\/wp-content\/uploads\/2022\/04\/UpGreat_CI.svg","contentUrl":"https:\/\/www.upgreat.pl\/wp-content\/uploads\/2022\/04\/UpGreat_CI.svg","width":600,"height":220,"caption":"UpGreat.pl \u2013 profesjonalne us\u0142ugi informatyczne"},"image":{"@id":"https:\/\/www.upgreat.pl\/#\/schema\/logo\/image\/"}}]}},"_links":{"self":[{"href":"https:\/\/www.upgreat.pl\/en\/wp-json\/wp\/v2\/pages\/837","targetHints":{"allow":["GET"]}}],"collection":[{"href":"https:\/\/www.upgreat.pl\/en\/wp-json\/wp\/v2\/pages"}],"about":[{"href":"https:\/\/www.upgreat.pl\/en\/wp-json\/wp\/v2\/types\/page"}],"author":[{"embeddable":true,"href":"https:\/\/www.upgreat.pl\/en\/wp-json\/wp\/v2\/users\/1"}],"replies":[{"embeddable":true,"href":"https:\/\/www.upgreat.pl\/en\/wp-json\/wp\/v2\/comments?post=837"}],"version-history":[{"count":11,"href":"https:\/\/www.upgreat.pl\/en\/wp-json\/wp\/v2\/pages\/837\/revisions"}],"predecessor-version":[{"id":1833,"href":"https:\/\/www.upgreat.pl\/en\/wp-json\/wp\/v2\/pages\/837\/revisions\/1833"}],"up":[{"embeddable":true,"href":"https:\/\/www.upgreat.pl\/en\/wp-json\/wp\/v2\/pages\/544"}],"wp:attachment":[{"href":"https:\/\/www.upgreat.pl\/en\/wp-json\/wp\/v2\/media?parent=837"}],"curies":[{"name":"wp","href":"https:\/\/api.w.org\/{rel}","templated":true}]}}