{"id":838,"date":"2022-04-19T19:44:05","date_gmt":"2022-04-19T19:44:05","guid":{"rendered":"https:\/\/www.upgreat.pl\/?page_id=838"},"modified":"2023-06-01T11:15:36","modified_gmt":"2023-06-01T11:15:36","slug":"integracja-danych-i-rozwiazania-business-intelligence","status":"publish","type":"page","link":"https:\/\/www.upgreat.pl\/en\/architektura-systemow-it\/integracja-danych-i-rozwiazania-business-intelligence\/","title":{"rendered":"Data integration and Business Intelligence solutions"},"content":{"rendered":"<div data-elementor-type=\"wp-page\" data-elementor-id=\"838\" class=\"elementor elementor-838\" data-elementor-post-type=\"page\">\n\t\t\t\t\t\t<section class=\"elementor-section elementor-top-section elementor-element elementor-element-6d2576a elementor-section-boxed elementor-section-height-default elementor-section-height-default\" data-id=\"6d2576a\" data-element_type=\"section\">\n\t\t\t\t\t\t<div class=\"elementor-container elementor-column-gap-default\">\n\t\t\t\t\t<div class=\"elementor-column elementor-col-100 elementor-top-column elementor-element elementor-element-3cf75c6\" data-id=\"3cf75c6\" data-element_type=\"column\">\n\t\t\t<div class=\"elementor-widget-wrap elementor-element-populated\">\n\t\t\t\t\t\t<div class=\"elementor-element elementor-element-43c912b elementor-widget elementor-widget-heading\" data-id=\"43c912b\" data-element_type=\"widget\" data-widget_type=\"heading.default\">\n\t\t\t\t<div class=\"elementor-widget-container\">\n\t\t\t\t\t<h1 class=\"elementor-heading-title elementor-size-default\">Data integration and Business Intelligence solutions<\/h1>\t\t\t\t<\/div>\n\t\t\t\t<\/div>\n\t\t\t\t<div class=\"elementor-element elementor-element-d035f6a elementor-widget elementor-widget-breadcrumbs\" data-id=\"d035f6a\" data-element_type=\"widget\" data-widget_type=\"breadcrumbs.default\">\n\t\t\t\t<div class=\"elementor-widget-container\">\n\t\t\t\t\t<p id=\"breadcrumbs\"><span><span><a href=\"https:\/\/www.upgreat.pl\/en\/\">Home<\/a><\/span><\/span><\/p>\t\t\t\t<\/div>\n\t\t\t\t<\/div>\n\t\t\t\t\t<\/div>\n\t\t<\/div>\n\t\t\t\t\t<\/div>\n\t\t<\/section>\n\t\t\t\t<section class=\"elementor-section elementor-top-section elementor-element elementor-element-f6bb74d elementor-section-boxed elementor-section-height-default elementor-section-height-default\" data-id=\"f6bb74d\" data-element_type=\"section\" id=\"tabs-nav\">\n\t\t\t\t\t\t<div class=\"elementor-container elementor-column-gap-default\">\n\t\t\t\t\t<div class=\"elementor-column elementor-col-50 elementor-top-column elementor-element elementor-element-b1a5cdf\" data-id=\"b1a5cdf\" data-element_type=\"column\">\n\t\t\t<div class=\"elementor-widget-wrap elementor-element-populated\">\n\t\t\t\t\t\t<div class=\"elementor-element elementor-element-d085ff9 elementor-widget elementor-widget-heading\" data-id=\"d085ff9\" data-element_type=\"widget\" data-widget_type=\"heading.default\">\n\t\t\t\t<div class=\"elementor-widget-container\">\n\t\t\t\t\t<h3 class=\"elementor-heading-title elementor-size-default\"><a href=\"https:\/\/www.upgreat.pl\/en\/architektura-systemow-it\/\">Architecture of IT Systems<\/a><\/h3>\t\t\t\t<\/div>\n\t\t\t\t<\/div>\n\t\t\t\t<div class=\"elementor-element elementor-element-80faadf elementor-nav-menu--dropdown-none menu-oferta elementor-widget elementor-widget-nav-menu\" data-id=\"80faadf\" data-element_type=\"widget\" data-settings=\"{&quot;layout&quot;:&quot;vertical&quot;,&quot;submenu_icon&quot;:{&quot;value&quot;:&quot;&lt;i class=\\&quot;fas fa-caret-down\\&quot; aria-hidden=\\&quot;true\\&quot;&gt;&lt;\\\/i&gt;&quot;,&quot;library&quot;:&quot;fa-solid&quot;}}\" data-widget_type=\"nav-menu.default\">\n\t\t\t\t<div class=\"elementor-widget-container\">\n\t\t\t\t\t\t\t\t<nav aria-label=\"Menu\" class=\"elementor-nav-menu--main elementor-nav-menu__container elementor-nav-menu--layout-vertical e--pointer-background e--animation-fade\">\n\t\t\t\t<ul id=\"menu-1-80faadf\" class=\"elementor-nav-menu sm-vertical\"><li class=\"menu-item menu-item-type-post_type menu-item-object-page menu-item-786\"><a href=\"https:\/\/www.upgreat.pl\/en\/architektura-systemow-it\/instalacje-niskopradowe\/\" class=\"elementor-item\">Low voltage installations<\/a><\/li>\n<li class=\"menu-item menu-item-type-post_type menu-item-object-page menu-item-852\"><a href=\"https:\/\/www.upgreat.pl\/en\/architektura-systemow-it\/sieci-lan\/\" class=\"elementor-item\">LAN networks<\/a><\/li>\n<li class=\"menu-item menu-item-type-post_type menu-item-object-page menu-item-851\"><a href=\"https:\/\/www.upgreat.pl\/en\/architektura-systemow-it\/sieci-wan\/\" class=\"elementor-item\">WAN networks<\/a><\/li>\n<li class=\"menu-item menu-item-type-post_type menu-item-object-page menu-item-850\"><a href=\"https:\/\/www.upgreat.pl\/en\/architektura-systemow-it\/sieci-wlan\/\" class=\"elementor-item\">WLAN networks<\/a><\/li>\n<li class=\"menu-item menu-item-type-post_type menu-item-object-page menu-item-849\"><a href=\"https:\/\/www.upgreat.pl\/en\/architektura-systemow-it\/budowa-data-center\/\" class=\"elementor-item\">Building a data center<\/a><\/li>\n<li class=\"menu-item menu-item-type-post_type menu-item-object-page menu-item-848\"><a href=\"https:\/\/www.upgreat.pl\/en\/architektura-systemow-it\/backup-i-archiwizacja\/\" class=\"elementor-item\">Backup and archiving<\/a><\/li>\n<li class=\"menu-item menu-item-type-post_type menu-item-object-page menu-item-847\"><a href=\"https:\/\/www.upgreat.pl\/en\/architektura-systemow-it\/systemy-wspolpracy\/\" class=\"elementor-item\">Collaboration systems<\/a><\/li>\n<li class=\"menu-item menu-item-type-post_type menu-item-object-page menu-item-846\"><a href=\"https:\/\/www.upgreat.pl\/en\/architektura-systemow-it\/integracja-danych-i-rozwiazania-business-intelligence\/\" class=\"elementor-item\">Data integration and Business Intelligence solutions<\/a><\/li>\n<\/ul>\t\t\t<\/nav>\n\t\t\t\t\t\t<nav class=\"elementor-nav-menu--dropdown elementor-nav-menu__container\" aria-hidden=\"true\">\n\t\t\t\t<ul id=\"menu-2-80faadf\" class=\"elementor-nav-menu sm-vertical\"><li class=\"menu-item menu-item-type-post_type menu-item-object-page menu-item-786\"><a href=\"https:\/\/www.upgreat.pl\/en\/architektura-systemow-it\/instalacje-niskopradowe\/\" class=\"elementor-item\" tabindex=\"-1\">Low voltage installations<\/a><\/li>\n<li class=\"menu-item menu-item-type-post_type menu-item-object-page menu-item-852\"><a href=\"https:\/\/www.upgreat.pl\/en\/architektura-systemow-it\/sieci-lan\/\" class=\"elementor-item\" tabindex=\"-1\">LAN networks<\/a><\/li>\n<li class=\"menu-item menu-item-type-post_type menu-item-object-page menu-item-851\"><a href=\"https:\/\/www.upgreat.pl\/en\/architektura-systemow-it\/sieci-wan\/\" class=\"elementor-item\" tabindex=\"-1\">WAN networks<\/a><\/li>\n<li class=\"menu-item menu-item-type-post_type menu-item-object-page menu-item-850\"><a href=\"https:\/\/www.upgreat.pl\/en\/architektura-systemow-it\/sieci-wlan\/\" class=\"elementor-item\" tabindex=\"-1\">WLAN networks<\/a><\/li>\n<li class=\"menu-item menu-item-type-post_type menu-item-object-page menu-item-849\"><a href=\"https:\/\/www.upgreat.pl\/en\/architektura-systemow-it\/budowa-data-center\/\" class=\"elementor-item\" tabindex=\"-1\">Building a data center<\/a><\/li>\n<li class=\"menu-item menu-item-type-post_type menu-item-object-page menu-item-848\"><a href=\"https:\/\/www.upgreat.pl\/en\/architektura-systemow-it\/backup-i-archiwizacja\/\" class=\"elementor-item\" tabindex=\"-1\">Backup and archiving<\/a><\/li>\n<li class=\"menu-item menu-item-type-post_type menu-item-object-page menu-item-847\"><a href=\"https:\/\/www.upgreat.pl\/en\/architektura-systemow-it\/systemy-wspolpracy\/\" class=\"elementor-item\" tabindex=\"-1\">Collaboration systems<\/a><\/li>\n<li class=\"menu-item menu-item-type-post_type menu-item-object-page menu-item-846\"><a href=\"https:\/\/www.upgreat.pl\/en\/architektura-systemow-it\/integracja-danych-i-rozwiazania-business-intelligence\/\" class=\"elementor-item\" tabindex=\"-1\">Data integration and Business Intelligence solutions<\/a><\/li>\n<\/ul>\t\t\t<\/nav>\n\t\t\t\t\t\t<\/div>\n\t\t\t\t<\/div>\n\t\t\t\t\t<\/div>\n\t\t<\/div>\n\t\t\t\t<div class=\"elementor-column elementor-col-50 elementor-top-column elementor-element elementor-element-1abc68b\" data-id=\"1abc68b\" data-element_type=\"column\">\n\t\t\t<div class=\"elementor-widget-wrap elementor-element-populated\">\n\t\t\t\t\t\t<section class=\"elementor-section elementor-inner-section elementor-element elementor-element-4ba98fa elementor-section-boxed elementor-section-height-default elementor-section-height-default\" data-id=\"4ba98fa\" data-element_type=\"section\">\n\t\t\t\t\t\t<div class=\"elementor-container elementor-column-gap-default\">\n\t\t\t\t\t<div class=\"elementor-column elementor-col-100 elementor-inner-column elementor-element elementor-element-5eaf57c\" data-id=\"5eaf57c\" data-element_type=\"column\">\n\t\t\t<div class=\"elementor-widget-wrap elementor-element-populated\">\n\t\t\t\t\t\t<div class=\"elementor-element elementor-element-e5ebd1e elementor-widget elementor-widget-text-editor\" data-id=\"e5ebd1e\" data-element_type=\"widget\" data-widget_type=\"text-editor.default\">\n\t\t\t\t<div class=\"elementor-widget-container\">\n\t\t\t\t\t\t\t\t\t<p><strong>Challenge -\u00a0<\/strong>Knowledge is the key to success. That is why it is so important that it is complete and includes data from all areas of the company&#039;s operations. The constantly growing amount of data means that typical transactional IT systems are not enough to perform a global analysis covering all aspects of the company&#039;s operations. A thorough analysis of the company&#039;s condition is the basis for assessing its profitability. To make a profit, managers have to make the right decisions, often based on incomplete data. In addition, modern transaction systems (OLTP - Online Transaction Processing) are not optimized for analysis, therefore the creation of multifaceted statistics may slow down the operation of production systems.<\/p><p>It may be logical to have a separate system for running your day-to-day operations and a separate system for carrying out analyzes. Modern systems must be very flexible to be able to integrate with other applications operating in the enterprise. Analysts need a tool that will contain all the necessary functions, and at the same time will be able to make forecasts based on the information provided to them. In addition, the results of the analyst&#039;s work should be reported in a transparent way for users.<br \/>These types of systems are called &quot;Business Intelligence&quot;, and the number of their applications is constantly growing. For many years, Microsoft has been providing BI modules for data integration, multidimensional analysis, and transparent reporting as part of its flagship database system (Microsoft SQL Server).<\/p><p><strong>Integration -\u00a0<\/strong>Our clients&#039; information environments abound in dozens of applications and databases, thousands of documents and tens of thousands of files and folders. These data are most often related to each other in some way, although they are used by applications from different manufacturers, made in different technologies, at different times. Thanks to the Integration Services module built into MS SQL Server, you can quickly connect to virtually any data source. The intuitive interface will allow the user to efficiently guide the user through the entire integration process. This module allows you to define relationships between data that have not been related so far. For example, you can combine the data on the telephone numbers of contractors with the billing of telephone calls in order to check the contacts of people working in the company. Another example is the combination of data from the CRM system with the HR \/ payroll system to analyze the adequacy of salespeople&#039;s earnings with their results. The simplicity of data integration from various sources reduces the time needed to merge data to a minimum.<\/p><p><br \/><strong>Data analysis -\u00a0<\/strong>An element of MS SQL Server is the Analysis Services module, thanks to which the database management system becomes an analytical system. It is equipped with the ability to handle multidimensional data, i.e. OLAP cubes. MS SQL Server has many built-in statistical functions which gives great possibilities of applications. Additionally, the built-in data mining mechanisms allow for inference based on historical data. Thanks to this approach, the analyst will quickly prepare an analysis of events that took place in the past and generate a forecast quickly.<\/p><p><strong>Reporting -\u00a0<\/strong>Another element of the system is the Reporting Services module. Thanks to it, all previously prepared analyzes can be automatically included in the report. The analyst will not have to prepare a report from scratch each time, but will use a template. Its introduction will unify the appearance, making it easy to compare subsequent versions.<\/p><p><strong>Experience -\u00a0<\/strong>Our company offers Business Intelligence solutions built on the basis of Microsoft SQL Server 2012\/2014. The systems we have built integrate various data sources such as Oracle databases, MS SQL, DBF databases, MS Access, MS-Excel spreadsheets and many others. Thanks to the licensing model that is advantageous for customers, even with the use of the basic version of Microsoft SQL Server Standard, it is possible to create advanced BI systems for a price not exceeding ten thousand zlotys. As part of the license, in addition to the database management system, users can also use data integration modules (Integration Services), OLAP data analysis (Analisys Services) and Reporting Services. Users also have at their disposal an intuitive tool for building a data warehouse (Business Intelligence Development Studio).<\/p><p>Our competences were used, among others, by Autostrada Wielkopolska SA, for which we have prepared an extensive reporting system using, inter alia, data from transaction systems at toll collection points, automatic weather stations, traffic flow sensors on the motorway and data collected by telephone columns located on the motorway.<\/p><p><strong>Summary -\u00a0<\/strong>By using MS SQL Server and built-in BI modules, you can quickly prepare a ready report, which is the result of analyzes based on multidimensional data. MS SQL server is a comprehensive solution that shortens the working time at every stage of creating analyzes. All repeatable activities of integration, analysis and reporting can be replaced by an automatic machine, thanks to which the time of the whole process will be significantly shortened. This will facilitate making strategic decisions from the company&#039;s point of view.<\/p>\t\t\t\t\t\t\t\t<\/div>\n\t\t\t\t<\/div>\n\t\t\t\t\t<\/div>\n\t\t<\/div>\n\t\t\t\t\t<\/div>\n\t\t<\/section>\n\t\t\t\t\t<\/div>\n\t\t<\/div>\n\t\t\t\t\t<\/div>\n\t\t<\/section>\n\t\t\t\t<\/div>","protected":false},"excerpt":{"rendered":"<p>Data Integration and Business Intelligence Solutions Architecture of IT Systems Challenge - Knowledge is the key to success. That is why it is so important for it to be complete and contain data from all areas of the company&#039;s operation. The constantly growing amount of data means that typical transactional IT systems are not enough to make a global analysis covering all aspects of the company&#039;s operations. A thorough analysis of the state of the company is [\u2026]<\/p>","protected":false},"author":1,"featured_media":0,"parent":544,"menu_order":0,"comment_status":"closed","ping_status":"closed","template":"elementor_header_footer","meta":{"footnotes":""},"class_list":["post-838","page","type-page","status-publish","hentry"],"yoast_head":"<!-- This site is optimized with the Yoast SEO plugin v26.3 - https:\/\/yoast.com\/wordpress\/plugins\/seo\/ -->\n<title>Integracja danych, rozwi\u0105zania Business Intelligence, integracja baz danych | UpGreat.pl \u2013 profesjonalne us\u0142ugi informatyczne<\/title>\n<meta name=\"description\" content=\"Oferujemy rozwi\u0105zania z zakresu integracji danych i Business Intelligence, kt\u00f3re dostarczaj\u0105 warto\u015bciowe informacje biznesowe. Wykorzystaj pe\u0142ny potencja\u0142 danych i osi\u0105gnij sukces!\" \/>\n<meta name=\"robots\" content=\"index, follow, max-snippet:-1, max-image-preview:large, max-video-preview:-1\" \/>\n<link rel=\"canonical\" href=\"https:\/\/www.upgreat.pl\/en\/architektura-systemow-it\/integracja-danych-i-rozwiazania-business-intelligence\/\" \/>\n<meta property=\"og:locale\" content=\"en_US\" \/>\n<meta property=\"og:type\" content=\"article\" \/>\n<meta property=\"og:title\" content=\"Integracja danych, rozwi\u0105zania Business Intelligence, integracja baz danych | UpGreat.pl \u2013 profesjonalne us\u0142ugi informatyczne\" \/>\n<meta property=\"og:description\" content=\"Oferujemy rozwi\u0105zania z zakresu integracji danych i Business Intelligence, kt\u00f3re dostarczaj\u0105 warto\u015bciowe informacje biznesowe. Wykorzystaj pe\u0142ny potencja\u0142 danych i osi\u0105gnij sukces!\" \/>\n<meta property=\"og:url\" content=\"https:\/\/www.upgreat.pl\/en\/architektura-systemow-it\/integracja-danych-i-rozwiazania-business-intelligence\/\" \/>\n<meta property=\"og:site_name\" content=\"Upgreat\" \/>\n<meta property=\"article:modified_time\" content=\"2023-06-01T11:15:36+00:00\" \/>\n<meta name=\"twitter:card\" content=\"summary_large_image\" \/>\n<meta name=\"twitter:label1\" content=\"Est. reading time\" \/>\n\t<meta name=\"twitter:data1\" content=\"5 minutes\" \/>\n<script type=\"application\/ld+json\" class=\"yoast-schema-graph\">{\"@context\":\"https:\/\/schema.org\",\"@graph\":[{\"@type\":\"WebPage\",\"@id\":\"https:\/\/www.upgreat.pl\/architektura-systemow-it\/integracja-danych-i-rozwiazania-business-intelligence\/\",\"url\":\"https:\/\/www.upgreat.pl\/architektura-systemow-it\/integracja-danych-i-rozwiazania-business-intelligence\/\",\"name\":\"Integracja danych, rozwi\u0105zania Business Intelligence, integracja baz danych | UpGreat.pl \u2013 profesjonalne us\u0142ugi informatyczne\",\"isPartOf\":{\"@id\":\"https:\/\/www.upgreat.pl\/#website\"},\"datePublished\":\"2022-04-19T19:44:05+00:00\",\"dateModified\":\"2023-06-01T11:15:36+00:00\",\"description\":\"Oferujemy rozwi\u0105zania z zakresu integracji danych i Business Intelligence, kt\u00f3re dostarczaj\u0105 warto\u015bciowe informacje biznesowe. Wykorzystaj pe\u0142ny potencja\u0142 danych i osi\u0105gnij sukces!\",\"breadcrumb\":{\"@id\":\"https:\/\/www.upgreat.pl\/architektura-systemow-it\/integracja-danych-i-rozwiazania-business-intelligence\/#breadcrumb\"},\"inLanguage\":\"en-US\",\"potentialAction\":[{\"@type\":\"ReadAction\",\"target\":[\"https:\/\/www.upgreat.pl\/architektura-systemow-it\/integracja-danych-i-rozwiazania-business-intelligence\/\"]}]},{\"@type\":\"BreadcrumbList\",\"@id\":\"https:\/\/www.upgreat.pl\/architektura-systemow-it\/integracja-danych-i-rozwiazania-business-intelligence\/#breadcrumb\",\"itemListElement\":[{\"@type\":\"ListItem\",\"position\":1,\"name\":\"Strona g\u0142\u00f3wna\",\"item\":\"https:\/\/www.upgreat.pl\/\"},{\"@type\":\"ListItem\",\"position\":2,\"name\":\"Architektura system\u00f3w IT\",\"item\":\"https:\/\/www.upgreat.pl\/architektura-systemow-it\/\"},{\"@type\":\"ListItem\",\"position\":3,\"name\":\"Integracja danych i rozwi\u0105zania Business Intelligence\"}]},{\"@type\":\"WebSite\",\"@id\":\"https:\/\/www.upgreat.pl\/#website\",\"url\":\"https:\/\/www.upgreat.pl\/\",\"name\":\"Upgreat\",\"description\":\"Bezpiecze\u0144stwo system\u00f3w IT, Outsourcing IT, Architektura system\u00f3w IT\",\"publisher\":{\"@id\":\"https:\/\/www.upgreat.pl\/#organization\"},\"potentialAction\":[{\"@type\":\"SearchAction\",\"target\":{\"@type\":\"EntryPoint\",\"urlTemplate\":\"https:\/\/www.upgreat.pl\/?s={search_term_string}\"},\"query-input\":{\"@type\":\"PropertyValueSpecification\",\"valueRequired\":true,\"valueName\":\"search_term_string\"}}],\"inLanguage\":\"en-US\"},{\"@type\":\"Organization\",\"@id\":\"https:\/\/www.upgreat.pl\/#organization\",\"name\":\"UpGreat.pl \u2013 profesjonalne us\u0142ugi informatyczne\",\"url\":\"https:\/\/www.upgreat.pl\/\",\"logo\":{\"@type\":\"ImageObject\",\"inLanguage\":\"en-US\",\"@id\":\"https:\/\/www.upgreat.pl\/#\/schema\/logo\/image\/\",\"url\":\"https:\/\/www.upgreat.pl\/wp-content\/uploads\/2022\/04\/UpGreat_CI.svg\",\"contentUrl\":\"https:\/\/www.upgreat.pl\/wp-content\/uploads\/2022\/04\/UpGreat_CI.svg\",\"width\":600,\"height\":220,\"caption\":\"UpGreat.pl \u2013 profesjonalne us\u0142ugi informatyczne\"},\"image\":{\"@id\":\"https:\/\/www.upgreat.pl\/#\/schema\/logo\/image\/\"}}]}<\/script>\n<!-- \/ Yoast SEO plugin. -->","yoast_head_json":{"title":"Data integration, Business Intelligence solutions, database integration | UpGreat.pl \u2013 professional IT services","description":"We offer data integration and business intelligence solutions that deliver valuable business insights. Harness the full potential of your data and achieve success!","robots":{"index":"index","follow":"follow","max-snippet":"max-snippet:-1","max-image-preview":"max-image-preview:large","max-video-preview":"max-video-preview:-1"},"canonical":"https:\/\/www.upgreat.pl\/en\/architektura-systemow-it\/integracja-danych-i-rozwiazania-business-intelligence\/","og_locale":"en_US","og_type":"article","og_title":"Integracja danych, rozwi\u0105zania Business Intelligence, integracja baz danych | UpGreat.pl \u2013 profesjonalne us\u0142ugi informatyczne","og_description":"Oferujemy rozwi\u0105zania z zakresu integracji danych i Business Intelligence, kt\u00f3re dostarczaj\u0105 warto\u015bciowe informacje biznesowe. Wykorzystaj pe\u0142ny potencja\u0142 danych i osi\u0105gnij sukces!","og_url":"https:\/\/www.upgreat.pl\/en\/architektura-systemow-it\/integracja-danych-i-rozwiazania-business-intelligence\/","og_site_name":"Upgreat","article_modified_time":"2023-06-01T11:15:36+00:00","twitter_card":"summary_large_image","twitter_misc":{"Est. reading time":"5 minutes"},"schema":{"@context":"https:\/\/schema.org","@graph":[{"@type":"WebPage","@id":"https:\/\/www.upgreat.pl\/architektura-systemow-it\/integracja-danych-i-rozwiazania-business-intelligence\/","url":"https:\/\/www.upgreat.pl\/architektura-systemow-it\/integracja-danych-i-rozwiazania-business-intelligence\/","name":"Data integration, Business Intelligence solutions, database integration | UpGreat.pl \u2013 professional IT services","isPartOf":{"@id":"https:\/\/www.upgreat.pl\/#website"},"datePublished":"2022-04-19T19:44:05+00:00","dateModified":"2023-06-01T11:15:36+00:00","description":"We offer data integration and business intelligence solutions that deliver valuable business insights. Harness the full potential of your data and achieve success!","breadcrumb":{"@id":"https:\/\/www.upgreat.pl\/architektura-systemow-it\/integracja-danych-i-rozwiazania-business-intelligence\/#breadcrumb"},"inLanguage":"en-US","potentialAction":[{"@type":"ReadAction","target":["https:\/\/www.upgreat.pl\/architektura-systemow-it\/integracja-danych-i-rozwiazania-business-intelligence\/"]}]},{"@type":"BreadcrumbList","@id":"https:\/\/www.upgreat.pl\/architektura-systemow-it\/integracja-danych-i-rozwiazania-business-intelligence\/#breadcrumb","itemListElement":[{"@type":"ListItem","position":1,"name":"Strona g\u0142\u00f3wna","item":"https:\/\/www.upgreat.pl\/"},{"@type":"ListItem","position":2,"name":"Architektura system\u00f3w IT","item":"https:\/\/www.upgreat.pl\/architektura-systemow-it\/"},{"@type":"ListItem","position":3,"name":"Integracja danych i rozwi\u0105zania Business Intelligence"}]},{"@type":"WebSite","@id":"https:\/\/www.upgreat.pl\/#website","url":"https:\/\/www.upgreat.pl\/","name":"Upgreat","description":"Security of IT systems, IT Outsourcing, Architecture of IT systems","publisher":{"@id":"https:\/\/www.upgreat.pl\/#organization"},"potentialAction":[{"@type":"SearchAction","target":{"@type":"EntryPoint","urlTemplate":"https:\/\/www.upgreat.pl\/?s={search_term_string}"},"query-input":{"@type":"PropertyValueSpecification","valueRequired":true,"valueName":"search_term_string"}}],"inLanguage":"en-US"},{"@type":"Organization","@id":"https:\/\/www.upgreat.pl\/#organization","name":"UpGreat.pl \u2013 professional IT services","url":"https:\/\/www.upgreat.pl\/","logo":{"@type":"ImageObject","inLanguage":"en-US","@id":"https:\/\/www.upgreat.pl\/#\/schema\/logo\/image\/","url":"https:\/\/www.upgreat.pl\/wp-content\/uploads\/2022\/04\/UpGreat_CI.svg","contentUrl":"https:\/\/www.upgreat.pl\/wp-content\/uploads\/2022\/04\/UpGreat_CI.svg","width":600,"height":220,"caption":"UpGreat.pl \u2013 profesjonalne us\u0142ugi informatyczne"},"image":{"@id":"https:\/\/www.upgreat.pl\/#\/schema\/logo\/image\/"}}]}},"_links":{"self":[{"href":"https:\/\/www.upgreat.pl\/en\/wp-json\/wp\/v2\/pages\/838","targetHints":{"allow":["GET"]}}],"collection":[{"href":"https:\/\/www.upgreat.pl\/en\/wp-json\/wp\/v2\/pages"}],"about":[{"href":"https:\/\/www.upgreat.pl\/en\/wp-json\/wp\/v2\/types\/page"}],"author":[{"embeddable":true,"href":"https:\/\/www.upgreat.pl\/en\/wp-json\/wp\/v2\/users\/1"}],"replies":[{"embeddable":true,"href":"https:\/\/www.upgreat.pl\/en\/wp-json\/wp\/v2\/comments?post=838"}],"version-history":[{"count":16,"href":"https:\/\/www.upgreat.pl\/en\/wp-json\/wp\/v2\/pages\/838\/revisions"}],"predecessor-version":[{"id":1834,"href":"https:\/\/www.upgreat.pl\/en\/wp-json\/wp\/v2\/pages\/838\/revisions\/1834"}],"up":[{"embeddable":true,"href":"https:\/\/www.upgreat.pl\/en\/wp-json\/wp\/v2\/pages\/544"}],"wp:attachment":[{"href":"https:\/\/www.upgreat.pl\/en\/wp-json\/wp\/v2\/media?parent=838"}],"curies":[{"name":"wp","href":"https:\/\/api.w.org\/{rel}","templated":true}]}}